{"id":928,"date":"2025-09-18T11:35:45","date_gmt":"2025-09-18T01:35:45","guid":{"rendered":"http:\/\/www.amillex.com\/?page_id=928"},"modified":"2025-09-22T17:15:48","modified_gmt":"2025-09-22T07:15:48","slug":"legal-documents","status":"publish","type":"page","link":"https:\/\/amillexvn1.com\/vi\/legal-documents\/","title":{"rendered":"T\u00e0i li\u1ec7u ph\u00e1p l\u00fd"},"content":{"rendered":"<div data-elementor-type=\"wp-page\" data-elementor-id=\"928\" class=\"elementor elementor-928\" data-elementor-post-type=\"page\">\n\t\t\t\t<div class=\"elementor-element elementor-element-fa33a53 e-con-full e-flex e-con e-parent\" data-id=\"fa33a53\" data-element_type=\"container\" data-e-type=\"container\">\n\t\t<div class=\"elementor-element elementor-element-d13848b e-flex e-con-boxed e-con e-child\" data-id=\"d13848b\" data-element_type=\"container\" data-e-type=\"container\" data-settings=\"{&quot;background_background&quot;:&quot;classic&quot;}\">\n\t\t\t\t\t<div class=\"e-con-inner\">\n\t\t<div class=\"elementor-element elementor-element-45c8f2d e-con-full e-flex elementor-invisible e-con e-child\" data-id=\"45c8f2d\" data-element_type=\"container\" data-e-type=\"container\" data-settings=\"{&quot;animation&quot;:&quot;fadeInLeft&quot;}\">\n\t\t\t\t<div class=\"elementor-element elementor-element-612e75e elementor-widget elementor-widget-heading\" data-id=\"612e75e\" data-element_type=\"widget\" data-e-type=\"widget\" data-widget_type=\"heading.default\">\n\t\t\t\t\t<h2 class=\"elementor-heading-title elementor-size-default\">T\u00e0i li\u1ec7u ph\u00e1p l\u00fd<\/h2>\t\t\t\t<\/div>\n\t\t\t\t<div class=\"elementor-element elementor-element-f6c503a elementor-widget__width-initial elementor-widget elementor-widget-heading\" data-id=\"f6c503a\" data-element_type=\"widget\" data-e-type=\"widget\" data-widget_type=\"heading.default\">\n\t\t\t\t\t<p class=\"elementor-heading-title elementor-size-default\">T\u00ecm m\u1ecdi th\u00f4ng tin b\u1ea1n c\u1ea7n bi\u1ebft v\u1ec1 c\u00e1c th\u1ecfa thu\u1eadn ph\u00e1p l\u00fd v\u00e0 \u0111i\u1ec1u kho\u1ea3n v\u00e0 \u0111i\u1ec1u ki\u1ec7n kinh doanh c\u1ee7a ch\u00fang t\u00f4i.<\/p>\t\t\t\t<\/div>\n\t\t\t\t<div class=\"elementor-element elementor-element-1b642f1 elementor-widget elementor-widget-button\" data-id=\"1b642f1\" data-element_type=\"widget\" data-e-type=\"widget\" data-widget_type=\"button.default\">\n\t\t\t\t\t\t\t\t\t\t<a class=\"elementor-button elementor-button-link elementor-size-sm\" href=\"https:\/\/accounts.amillexvn.com\/regist-real\">\n\t\t\t\t\t\t<span class=\"elementor-button-content-wrapper\">\n\t\t\t\t\t\t\t\t\t<span class=\"elementor-button-text\">B\u1eaft \u0111\u1ea7u giao d\u1ecbch<\/span>\n\t\t\t\t\t<\/span>\n\t\t\t\t\t<\/a>\n\t\t\t\t\t\t\t\t<\/div>\n\t\t\t\t<\/div>\n\t\t<div class=\"elementor-element elementor-element-7fdb812 e-con-full elementor-hidden-tablet elementor-hidden-mobile e-flex elementor-invisible e-con e-child\" data-id=\"7fdb812\" data-element_type=\"container\" data-e-type=\"container\" data-settings=\"{&quot;animation&quot;:&quot;fadeInRight&quot;}\">\n\t\t\t\t<div class=\"elementor-element elementor-element-1af97af elementor-widget elementor-widget-image\" data-id=\"1af97af\" data-element_type=\"widget\" data-e-type=\"widget\" data-widget_type=\"image.default\">\n\t\t\t\t\t\t\t\t\t\t\t\t\t\t\t<img fetchpriority=\"high\" decoding=\"async\" width=\"2560\" height=\"1840\" src=\"https:\/\/amillexvn1.com\/wp-content\/uploads\/2025\/09\/Company-Career_1452x1040-04-png-scaled.webp\" class=\"attachment-full size-full wp-image-930\" alt=\"\" srcset=\"https:\/\/amillexvn1.com\/wp-content\/uploads\/2025\/09\/Company-Career_1452x1040-04-png-scaled.webp 2560w, https:\/\/amillexvn1.com\/wp-content\/uploads\/2025\/09\/Company-Career_1452x1040-04-png-300x216.webp 300w, https:\/\/amillexvn1.com\/wp-content\/uploads\/2025\/09\/Company-Career_1452x1040-04-png-1024x736.webp 1024w, https:\/\/amillexvn1.com\/wp-content\/uploads\/2025\/09\/Company-Career_1452x1040-04-png-768x552.webp 768w, https:\/\/amillexvn1.com\/wp-content\/uploads\/2025\/09\/Company-Career_1452x1040-04-png-1536x1104.webp 1536w, https:\/\/amillexvn1.com\/wp-content\/uploads\/2025\/09\/Company-Career_1452x1040-04-png-2048x1472.webp 2048w, https:\/\/amillexvn1.com\/wp-content\/uploads\/2025\/09\/Company-Career_1452x1040-04-png-18x12.webp 18w\" sizes=\"(max-width: 2560px) 100vw, 2560px\" \/>\t\t\t\t\t\t\t\t\t\t\t\t\t\t\t<\/div>\n\t\t\t\t<\/div>\n\t\t\t\t\t<\/div>\n\t\t\t\t<\/div>\n\t\t\t\t<\/div>\n\t\t<div class=\"elementor-element elementor-element-f35f892 e-flex e-con-boxed elementor-invisible e-con e-parent\" data-id=\"f35f892\" data-element_type=\"container\" data-e-type=\"container\" data-settings=\"{&quot;animation&quot;:&quot;fadeInUp&quot;}\">\n\t\t\t\t\t<div class=\"e-con-inner\">\n\t\t<div class=\"elementor-element elementor-element-6293d9d e-con-full e-flex e-con e-child\" data-id=\"6293d9d\" data-element_type=\"container\" data-e-type=\"container\">\n\t\t\t\t<div class=\"elementor-element elementor-element-2d08377 elementor-widget elementor-widget-heading\" data-id=\"2d08377\" data-element_type=\"widget\" data-e-type=\"widget\" data-widget_type=\"heading.default\">\n\t\t\t\t\t<h2 class=\"elementor-heading-title elementor-size-default\">C\u00f4ng ty TNHH Amillex Global<\/h2>\t\t\t\t<\/div>\n\t\t<div class=\"elementor-element elementor-element-0fab668 e-con-full elementor-hidden-desktop elementor-hidden-tablet elementor-hidden-mobile e-flex e-con e-child\" data-id=\"0fab668\" data-element_type=\"container\" data-e-type=\"container\">\n\t\t\t\t<div class=\"elementor-element elementor-element-20bc460 elementor-widget elementor-widget-image\" data-id=\"20bc460\" data-element_type=\"widget\" data-e-type=\"widget\" data-widget_type=\"image.default\">\n\t\t\t\t\t\t\t\t\t\t\t\t\t\t\t<img decoding=\"async\" width=\"48\" height=\"48\" data-src=\"https:\/\/amillexvn1.com\/wp-content\/uploads\/2025\/09\/Book-one-\u4e66\u7c4d1.png\" class=\"attachment-full size-full wp-image-931 lazyload\" alt=\"\" data-srcset=\"https:\/\/amillexvn1.com\/wp-content\/uploads\/2025\/09\/Book-one-\u4e66\u7c4d1.png 48w, https:\/\/amillexvn1.com\/wp-content\/uploads\/2025\/09\/Book-one-\u4e66\u7c4d1-12x12.png 12w\" data-sizes=\"(max-width: 48px) 100vw, 48px\" src=\"data:image\/svg+xml;base64,PHN2ZyB3aWR0aD0iMSIgaGVpZ2h0PSIxIiB4bWxucz0iaHR0cDovL3d3dy53My5vcmcvMjAwMC9zdmciPjwvc3ZnPg==\" style=\"--smush-placeholder-width: 48px; --smush-placeholder-aspect-ratio: 48\/48;\" \/>\t\t\t\t\t\t\t\t\t\t\t\t\t\t\t<\/div>\n\t\t\t\t<div class=\"elementor-element elementor-element-9654177 elementor-widget elementor-widget-heading\" data-id=\"9654177\" data-element_type=\"widget\" data-e-type=\"widget\" data-widget_type=\"heading.default\">\n\t\t\t\t\t<h2 class=\"elementor-heading-title elementor-size-default\"><a href=\"\/wp-content\/uploads\/2025\/09\/AMILLEX-GLOBAL-AML-CFT-Compliance-Manual.pdf\" target=\"_blank\">Ch\u00ednh s\u00e1ch CTF AML<\/a><\/h2>\t\t\t\t<\/div>\n\t\t\t\t<\/div>\n\t\t<div class=\"elementor-element elementor-element-5a2727d e-con-full elementor-hidden-desktop elementor-hidden-tablet elementor-hidden-mobile e-flex e-con e-child\" data-id=\"5a2727d\" data-element_type=\"container\" data-e-type=\"container\">\n\t\t\t\t<div class=\"elementor-element elementor-element-b1481ef elementor-widget elementor-widget-image\" data-id=\"b1481ef\" data-element_type=\"widget\" data-e-type=\"widget\" data-widget_type=\"image.default\">\n\t\t\t\t\t\t\t\t\t\t\t\t\t\t\t<img decoding=\"async\" width=\"48\" height=\"48\" data-src=\"https:\/\/amillexvn1.com\/wp-content\/uploads\/2025\/09\/Book-one-\u4e66\u7c4d1.png\" class=\"attachment-full size-full wp-image-931 lazyload\" alt=\"\" data-srcset=\"https:\/\/amillexvn1.com\/wp-content\/uploads\/2025\/09\/Book-one-\u4e66\u7c4d1.png 48w, https:\/\/amillexvn1.com\/wp-content\/uploads\/2025\/09\/Book-one-\u4e66\u7c4d1-12x12.png 12w\" data-sizes=\"(max-width: 48px) 100vw, 48px\" src=\"data:image\/svg+xml;base64,PHN2ZyB3aWR0aD0iMSIgaGVpZ2h0PSIxIiB4bWxucz0iaHR0cDovL3d3dy53My5vcmcvMjAwMC9zdmciPjwvc3ZnPg==\" style=\"--smush-placeholder-width: 48px; --smush-placeholder-aspect-ratio: 48\/48;\" \/>\t\t\t\t\t\t\t\t\t\t\t\t\t\t\t<\/div>\n\t\t\t\t<div class=\"elementor-element elementor-element-9b2944e elementor-widget elementor-widget-heading\" data-id=\"9b2944e\" data-element_type=\"widget\" data-e-type=\"widget\" data-widget_type=\"heading.default\">\n\t\t\t\t\t<h2 class=\"elementor-heading-title elementor-size-default\"><a href=\"\/wp-content\/uploads\/2025\/09\/AMILLLEX-GLOBAL-withdrawal-policy-FINAL.pdf\" target=\"_blank\">Ch\u00ednh s\u00e1ch r\u00fat ti\u1ec1n<\/a><\/h2>\t\t\t\t<\/div>\n\t\t\t\t<\/div>\n\t\t<div class=\"elementor-element elementor-element-63a6a49 e-con-full e-flex e-con e-child\" data-id=\"63a6a49\" data-element_type=\"container\" data-e-type=\"container\">\n\t\t\t\t<div class=\"elementor-element elementor-element-c0ee607 elementor-widget elementor-widget-image\" data-id=\"c0ee607\" data-element_type=\"widget\" data-e-type=\"widget\" data-widget_type=\"image.default\">\n\t\t\t\t\t\t\t\t\t\t\t\t\t\t\t<img decoding=\"async\" width=\"48\" height=\"48\" data-src=\"https:\/\/amillexvn1.com\/wp-content\/uploads\/2025\/09\/Book-one-\u4e66\u7c4d1.png\" class=\"attachment-full size-full wp-image-931 lazyload\" alt=\"\" data-srcset=\"https:\/\/amillexvn1.com\/wp-content\/uploads\/2025\/09\/Book-one-\u4e66\u7c4d1.png 48w, https:\/\/amillexvn1.com\/wp-content\/uploads\/2025\/09\/Book-one-\u4e66\u7c4d1-12x12.png 12w\" data-sizes=\"(max-width: 48px) 100vw, 48px\" src=\"data:image\/svg+xml;base64,PHN2ZyB3aWR0aD0iMSIgaGVpZ2h0PSIxIiB4bWxucz0iaHR0cDovL3d3dy53My5vcmcvMjAwMC9zdmciPjwvc3ZnPg==\" style=\"--smush-placeholder-width: 48px; --smush-placeholder-aspect-ratio: 48\/48;\" \/>\t\t\t\t\t\t\t\t\t\t\t\t\t\t\t<\/div>\n\t\t\t\t<div class=\"elementor-element elementor-element-1984137 elementor-widget elementor-widget-heading\" data-id=\"1984137\" data-element_type=\"widget\" data-e-type=\"widget\" data-widget_type=\"heading.default\">\n\t\t\t\t\t<h2 class=\"elementor-heading-title elementor-size-default\"><a href=\"\/wp-content\/uploads\/2025\/09\/Amillex-LLC-Disclosure-Statement.pdf\" target=\"_blank\">Tuy\u00ean b\u1ed1 ti\u1ebft l\u1ed9<\/a><\/h2>\t\t\t\t<\/div>\n\t\t\t\t<\/div>\n\t\t<div class=\"elementor-element elementor-element-dc8d0a0 e-con-full e-flex e-con e-child\" data-id=\"dc8d0a0\" data-element_type=\"container\" data-e-type=\"container\">\n\t\t\t\t<div class=\"elementor-element elementor-element-e5ce3a4 elementor-widget elementor-widget-image\" data-id=\"e5ce3a4\" data-element_type=\"widget\" data-e-type=\"widget\" data-widget_type=\"image.default\">\n\t\t\t\t\t\t\t\t\t\t\t\t\t\t\t<img decoding=\"async\" width=\"48\" height=\"48\" data-src=\"https:\/\/amillexvn1.com\/wp-content\/uploads\/2025\/09\/Book-one-\u4e66\u7c4d1.png\" class=\"attachment-full size-full wp-image-931 lazyload\" alt=\"\" data-srcset=\"https:\/\/amillexvn1.com\/wp-content\/uploads\/2025\/09\/Book-one-\u4e66\u7c4d1.png 48w, https:\/\/amillexvn1.com\/wp-content\/uploads\/2025\/09\/Book-one-\u4e66\u7c4d1-12x12.png 12w\" data-sizes=\"(max-width: 48px) 100vw, 48px\" src=\"data:image\/svg+xml;base64,PHN2ZyB3aWR0aD0iMSIgaGVpZ2h0PSIxIiB4bWxucz0iaHR0cDovL3d3dy53My5vcmcvMjAwMC9zdmciPjwvc3ZnPg==\" style=\"--smush-placeholder-width: 48px; --smush-placeholder-aspect-ratio: 48\/48;\" \/>\t\t\t\t\t\t\t\t\t\t\t\t\t\t\t<\/div>\n\t\t\t\t<div class=\"elementor-element elementor-element-b87e0b0 elementor-widget elementor-widget-heading\" data-id=\"b87e0b0\" data-element_type=\"widget\" data-e-type=\"widget\" data-widget_type=\"heading.default\">\n\t\t\t\t\t<h2 class=\"elementor-heading-title elementor-size-default\"><a href=\"\/wp-content\/uploads\/2025\/09\/Amillex-LLC-Terms-and-Conditions.pdf\" target=\"_blank\">\u0110i\u1ec1u kho\u1ea3n v\u00e0 \u0110i\u1ec1u ki\u1ec7n<\/a><\/h2>\t\t\t\t<\/div>\n\t\t\t\t<\/div>\n\t\t<div class=\"elementor-element elementor-element-a5bb55f e-con-full e-flex e-con e-child\" data-id=\"a5bb55f\" data-element_type=\"container\" data-e-type=\"container\">\n\t\t\t\t<div class=\"elementor-element elementor-element-a1c5d97 elementor-widget elementor-widget-image\" data-id=\"a1c5d97\" data-element_type=\"widget\" data-e-type=\"widget\" data-widget_type=\"image.default\">\n\t\t\t\t\t\t\t\t\t\t\t\t\t\t\t<img decoding=\"async\" width=\"48\" height=\"48\" data-src=\"https:\/\/amillexvn1.com\/wp-content\/uploads\/2025\/09\/Book-one-\u4e66\u7c4d1.png\" class=\"attachment-full size-full wp-image-931 lazyload\" alt=\"\" data-srcset=\"https:\/\/amillexvn1.com\/wp-content\/uploads\/2025\/09\/Book-one-\u4e66\u7c4d1.png 48w, https:\/\/amillexvn1.com\/wp-content\/uploads\/2025\/09\/Book-one-\u4e66\u7c4d1-12x12.png 12w\" data-sizes=\"(max-width: 48px) 100vw, 48px\" src=\"data:image\/svg+xml;base64,PHN2ZyB3aWR0aD0iMSIgaGVpZ2h0PSIxIiB4bWxucz0iaHR0cDovL3d3dy53My5vcmcvMjAwMC9zdmciPjwvc3ZnPg==\" style=\"--smush-placeholder-width: 48px; --smush-placeholder-aspect-ratio: 48\/48;\" \/>\t\t\t\t\t\t\t\t\t\t\t\t\t\t\t<\/div>\n\t\t\t\t<div class=\"elementor-element elementor-element-ba75117 elementor-widget elementor-widget-heading\" data-id=\"ba75117\" data-element_type=\"widget\" data-e-type=\"widget\" data-widget_type=\"heading.default\">\n\t\t\t\t\t<h2 class=\"elementor-heading-title elementor-size-default\"><a href=\"\/wp-content\/uploads\/2025\/09\/Amillex-LLC-Privacy-Policy.pdf\" target=\"_blank\">Ch\u00ednh s\u00e1ch b\u1ea3o m\u1eadt<\/a><\/h2>\t\t\t\t<\/div>\n\t\t\t\t<\/div>\n\t\t<div class=\"elementor-element elementor-element-f9798dc e-con-full e-flex e-con e-child\" data-id=\"f9798dc\" data-element_type=\"container\" data-e-type=\"container\">\n\t\t\t\t<div class=\"elementor-element elementor-element-c5185b0 elementor-widget elementor-widget-image\" data-id=\"c5185b0\" data-element_type=\"widget\" data-e-type=\"widget\" data-widget_type=\"image.default\">\n\t\t\t\t\t\t\t\t\t\t\t\t\t\t\t<img decoding=\"async\" width=\"48\" height=\"48\" data-src=\"https:\/\/amillexvn1.com\/wp-content\/uploads\/2025\/09\/Book-one-\u4e66\u7c4d1.png\" class=\"attachment-full size-full wp-image-931 lazyload\" alt=\"\" data-srcset=\"https:\/\/amillexvn1.com\/wp-content\/uploads\/2025\/09\/Book-one-\u4e66\u7c4d1.png 48w, https:\/\/amillexvn1.com\/wp-content\/uploads\/2025\/09\/Book-one-\u4e66\u7c4d1-12x12.png 12w\" data-sizes=\"(max-width: 48px) 100vw, 48px\" src=\"data:image\/svg+xml;base64,PHN2ZyB3aWR0aD0iMSIgaGVpZ2h0PSIxIiB4bWxucz0iaHR0cDovL3d3dy53My5vcmcvMjAwMC9zdmciPjwvc3ZnPg==\" style=\"--smush-placeholder-width: 48px; --smush-placeholder-aspect-ratio: 48\/48;\" \/>\t\t\t\t\t\t\t\t\t\t\t\t\t\t\t<\/div>\n\t\t\t\t<div class=\"elementor-element elementor-element-f6e1df9 elementor-widget elementor-widget-heading\" data-id=\"f6e1df9\" data-element_type=\"widget\" data-e-type=\"widget\" data-widget_type=\"heading.default\">\n\t\t\t\t\t<h2 class=\"elementor-heading-title elementor-size-default\"><a href=\"\/wp-content\/uploads\/2025\/09\/Amillex-LLC-Execution-Policy.pdf\" target=\"_blank\">Ch\u00ednh s\u00e1ch th\u1ef1c hi\u1ec7n<\/a><\/h2>\t\t\t\t<\/div>\n\t\t\t\t<\/div>\n\t\t\t\t<\/div>\n\t\t\t\t\t<\/div>\n\t\t\t\t<\/div>\n\t\t<div class=\"elementor-element elementor-element-8f89b53 e-con-full e-flex e-con e-parent\" data-id=\"8f89b53\" data-element_type=\"container\" data-e-type=\"container\" data-settings=\"{&quot;background_background&quot;:&quot;classic&quot;}\">\n\t\t\t\t<div class=\"elementor-element elementor-element-6ce3a32 elementor-widget elementor-widget-template\" data-id=\"6ce3a32\" data-element_type=\"widget\" data-e-type=\"widget\" data-widget_type=\"template.default\">\n\t\t\t\t<div class=\"elementor-widget-container\">\n\t\t\t\t\t\t\t<div class=\"elementor-template\">\n\t\t\t\t\t<div data-elementor-type=\"container\" data-elementor-id=\"1075\" class=\"elementor elementor-1075\" data-elementor-post-type=\"elementor_library\">\n\t\t\t\t<div class=\"elementor-element elementor-element-caf1f89 e-con-full e-flex e-con e-parent\" data-id=\"caf1f89\" data-element_type=\"container\" data-e-type=\"container\" data-settings=\"{&quot;background_background&quot;:&quot;classic&quot;}\">\n\t\t<div class=\"elementor-element elementor-element-b794f93 e-flex e-con-boxed e-con e-child\" data-id=\"b794f93\" data-element_type=\"container\" data-e-type=\"container\">\n\t\t\t\t\t<div class=\"e-con-inner\">\n\t\t\t\t<div class=\"elementor-element elementor-element-a1b3244 elementor-widget elementor-widget-heading\" data-id=\"a1b3244\" data-element_type=\"widget\" data-e-type=\"widget\" data-widget_type=\"heading.default\">\n\t\t\t\t\t<h2 class=\"elementor-heading-title elementor-size-default\">Ch\u00e0o m\u1eebng \u0111\u1ebfn v\u1edbi Th\u1ebf gi\u1edbi giao d\u1ecbch CFD<\/h2>\t\t\t\t<\/div>\n\t\t\t\t<div class=\"elementor-element elementor-element-4dab543 elementor-widget elementor-widget-heading\" data-id=\"4dab543\" data-element_type=\"widget\" data-e-type=\"widget\" data-widget_type=\"heading.default\">\n\t\t\t\t\t<h2 class=\"elementor-heading-title elementor-size-default\">B\u1ea1n c\u00f3 th\u1ec3 tr\u1ea3i nghi\u1ec7m giao d\u1ecbch CFD th\u00fa v\u1ecb ch\u1ec9 trong v\u00e0i ph\u00fat. <br>Nh\u1ea5p v\u00e0o li\u00ean k\u1ebft b\u00ean d\u01b0\u1edbi \u0111\u1ec3 b\u1eaft \u0111\u1ea7u ngay.<\/h2>\t\t\t\t<\/div>\n\t\t<div class=\"elementor-element elementor-element-009b5e7 e-con-full e-flex e-con e-child\" data-id=\"009b5e7\" data-element_type=\"container\" data-e-type=\"container\">\n\t\t\t\t<div class=\"elementor-element elementor-element-330de90 elementor-widget elementor-widget-button\" data-id=\"330de90\" data-element_type=\"widget\" data-e-type=\"widget\" data-widget_type=\"button.default\">\n\t\t\t\t\t\t\t\t\t\t<a class=\"elementor-button elementor-button-link elementor-size-sm\" href=\"https:\/\/accounts.amillexvn.com\/regist-simulate\">\n\t\t\t\t\t\t<span class=\"elementor-button-content-wrapper\">\n\t\t\t\t\t\t\t\t\t<span class=\"elementor-button-text\">M\u1edf t\u00e0i kho\u1ea3n demo<\/span>\n\t\t\t\t\t<\/span>\n\t\t\t\t\t<\/a>\n\t\t\t\t\t\t\t\t<\/div>\n\t\t\t\t<div class=\"elementor-element elementor-element-b4aa5f0 elementor-widget elementor-widget-button\" data-id=\"b4aa5f0\" data-element_type=\"widget\" data-e-type=\"widget\" data-widget_type=\"button.default\">\n\t\t\t\t\t\t\t\t\t\t<a class=\"elementor-button elementor-button-link elementor-size-sm\" href=\"https:\/\/accounts.amillexvn.com\/regist-real\">\n\t\t\t\t\t\t<span class=\"elementor-button-content-wrapper\">\n\t\t\t\t\t\t\t\t\t<span class=\"elementor-button-text\">M\u1edf t\u00e0i kho\u1ea3n tr\u1ef1c ti\u1ebfp<\/span>\n\t\t\t\t\t<\/span>\n\t\t\t\t\t<\/a>\n\t\t\t\t\t\t\t\t<\/div>\n\t\t\t\t<\/div>\n\t\t\t\t\t<\/div>\n\t\t\t\t<\/div>\n\t\t\t\t<\/div>\n\t\t\t\t<\/div>\n\t\t\t\t<\/div>\n\t\t\t\t\t\t<\/div>\n\t\t\t\t<\/div>\n\t\t\t\t<\/div>\n\t\t\t\t<\/div>","protected":false},"excerpt":{"rendered":"<p>T\u00e0i li\u1ec7u ph\u00e1p l\u00fd T\u00ecm hi\u1ec3u m\u1ecdi th\u00f4ng tin b\u1ea1n c\u1ea7n v\u1ec1 c\u00e1c th\u1ecfa thu\u1eadn ph\u00e1p l\u00fd v\u00e0 \u0111i\u1ec1u kho\u1ea3n, \u0111i\u1ec1u ki\u1ec7n kinh doanh c\u1ee7a ch\u00fang t\u00f4i. B\u1eaft \u0111\u1ea7u giao d\u1ecbch Amillex Global Ltd Ch\u00ednh s\u00e1ch AML CTF Ch\u00ednh s\u00e1ch r\u00fat ti\u1ec1n Tuy\u00ean b\u1ed1 c\u00f4ng b\u1ed1 \u0110i\u1ec1u kho\u1ea3n v\u00e0 \u0111i\u1ec1u ki\u1ec7n Ch\u00ednh s\u00e1ch b\u1ea3o m\u1eadt Ch\u00ednh s\u00e1ch th\u1ef1c hi\u1ec7n<\/p>","protected":false},"author":3,"featured_media":0,"parent":0,"menu_order":0,"comment_status":"closed","ping_status":"closed","template":"","meta":{"ocean_post_layout":"","ocean_both_sidebars_style":"","ocean_both_sidebars_content_width":0,"ocean_both_sidebars_sidebars_width":0,"ocean_sidebar":"","ocean_second_sidebar":"","ocean_disable_margins":"enable","ocean_add_body_class":"","ocean_shortcode_before_top_bar":"","ocean_shortcode_after_top_bar":"","ocean_shortcode_before_header":"","ocean_shortcode_after_header":"","ocean_has_shortcode":"","ocean_shortcode_after_title":"","ocean_shortcode_before_footer_widgets":"","ocean_shortcode_after_footer_widgets":"","ocean_shortcode_before_footer_bottom":"","ocean_shortcode_after_footer_bottom":"","ocean_display_top_bar":"default","ocean_display_header":"default","ocean_header_style":"","ocean_center_header_left_menu":"","ocean_custom_header_template":"","ocean_custom_logo":0,"ocean_custom_retina_logo":0,"ocean_custom_logo_max_width":0,"ocean_custom_logo_tablet_max_width":0,"ocean_custom_logo_mobile_max_width":0,"ocean_custom_logo_max_height":0,"ocean_custom_logo_tablet_max_height":0,"ocean_custom_logo_mobile_max_height":0,"ocean_header_custom_menu":"","ocean_menu_typo_font_family":"","ocean_menu_typo_font_subset":"","ocean_menu_typo_font_size":0,"ocean_menu_typo_font_size_tablet":0,"ocean_menu_typo_font_size_mobile":0,"ocean_menu_typo_font_size_unit":"px","ocean_menu_typo_font_weight":"","ocean_menu_typo_font_weight_tablet":"","ocean_menu_typo_font_weight_mobile":"","ocean_menu_typo_transform":"","ocean_menu_typo_transform_tablet":"","ocean_menu_typo_transform_mobile":"","ocean_menu_typo_line_height":0,"ocean_menu_typo_line_height_tablet":0,"ocean_menu_typo_line_height_mobile":0,"ocean_menu_typo_line_height_unit":"","ocean_menu_typo_spacing":0,"ocean_menu_typo_spacing_tablet":0,"ocean_menu_typo_spacing_mobile":0,"ocean_menu_typo_spacing_unit":"","ocean_menu_link_color":"","ocean_menu_link_color_hover":"","ocean_menu_link_color_active":"","ocean_menu_link_background":"","ocean_menu_link_hover_background":"","ocean_menu_link_active_background":"","ocean_menu_social_links_bg":"","ocean_menu_social_hover_links_bg":"","ocean_menu_social_links_color":"","ocean_menu_social_hover_links_color":"","ocean_disable_title":"default","ocean_disable_heading":"default","ocean_post_title":"","ocean_post_subheading":"","ocean_post_title_style":"","ocean_post_title_background_color":"","ocean_post_title_background":0,"ocean_post_title_bg_image_position":"","ocean_post_title_bg_image_attachment":"","ocean_post_title_bg_image_repeat":"","ocean_post_title_bg_image_size":"","ocean_post_title_height":0,"ocean_post_title_bg_overlay":0.5,"ocean_post_title_bg_overlay_color":"","ocean_disable_breadcrumbs":"default","ocean_breadcrumbs_color":"","ocean_breadcrumbs_separator_color":"","ocean_breadcrumbs_links_color":"","ocean_breadcrumbs_links_hover_color":"","ocean_display_footer_widgets":"default","ocean_display_footer_bottom":"default","ocean_custom_footer_template":"","footnotes":""},"class_list":["post-928","page","type-page","status-publish","hentry","entry"],"_links":{"self":[{"href":"https:\/\/amillexvn1.com\/vi\/wp-json\/wp\/v2\/pages\/928","targetHints":{"allow":["GET"]}}],"collection":[{"href":"https:\/\/amillexvn1.com\/vi\/wp-json\/wp\/v2\/pages"}],"about":[{"href":"https:\/\/amillexvn1.com\/vi\/wp-json\/wp\/v2\/types\/page"}],"author":[{"embeddable":true,"href":"https:\/\/amillexvn1.com\/vi\/wp-json\/wp\/v2\/users\/3"}],"replies":[{"embeddable":true,"href":"https:\/\/amillexvn1.com\/vi\/wp-json\/wp\/v2\/comments?post=928"}],"version-history":[{"count":13,"href":"https:\/\/amillexvn1.com\/vi\/wp-json\/wp\/v2\/pages\/928\/revisions"}],"predecessor-version":[{"id":1233,"href":"https:\/\/amillexvn1.com\/vi\/wp-json\/wp\/v2\/pages\/928\/revisions\/1233"}],"wp:attachment":[{"href":"https:\/\/amillexvn1.com\/vi\/wp-json\/wp\/v2\/media?parent=928"}],"curies":[{"name":"wp","href":"https:\/\/api.w.org\/{rel}","templated":true}]}}