{"id":904,"date":"2025-09-18T11:27:07","date_gmt":"2025-09-18T01:27:07","guid":{"rendered":"http:\/\/www.amillex.com\/?page_id=904"},"modified":"2025-11-17T14:49:44","modified_gmt":"2025-11-17T03:49:44","slug":"contact-us","status":"publish","type":"page","link":"https:\/\/amillexvn1.com\/vi\/contact-us\/","title":{"rendered":"Li\u00ean h\u1ec7"},"content":{"rendered":"<div data-elementor-type=\"wp-page\" data-elementor-id=\"904\" class=\"elementor elementor-904\" data-elementor-post-type=\"page\">\n\t\t\t\t<div class=\"elementor-element elementor-element-b43931b e-flex e-con-boxed e-con e-child\" data-id=\"b43931b\" data-element_type=\"container\" data-e-type=\"container\" data-settings=\"{&quot;background_background&quot;:&quot;classic&quot;}\">\n\t\t\t\t\t<div class=\"e-con-inner\">\n\t\t<div class=\"elementor-element elementor-element-50a25b8 e-con-full e-flex elementor-invisible e-con e-child\" data-id=\"50a25b8\" data-element_type=\"container\" data-e-type=\"container\" data-settings=\"{&quot;animation&quot;:&quot;fadeInLeft&quot;}\">\n\t\t\t\t<div class=\"elementor-element elementor-element-391b4bb elementor-widget elementor-widget-heading\" data-id=\"391b4bb\" data-element_type=\"widget\" data-e-type=\"widget\" data-widget_type=\"heading.default\">\n\t\t\t\t\t<h1 class=\"elementor-heading-title elementor-size-default\">Li\u00ean h\u1ec7 v\u1edbi ch\u00fang t\u00f4i<\/h1>\t\t\t\t<\/div>\n\t\t\t\t<div class=\"elementor-element elementor-element-755ce83 elementor-widget elementor-widget-heading\" data-id=\"755ce83\" data-element_type=\"widget\" data-e-type=\"widget\" data-widget_type=\"heading.default\">\n\t\t\t\t\t<h2 class=\"elementor-heading-title elementor-size-default\">H\u1ed7 tr\u1ee3 24\/5<\/h2>\t\t\t\t<\/div>\n\t\t\t\t<div class=\"elementor-element elementor-element-1a8168a elementor-widget__width-initial elementor-widget elementor-widget-heading\" data-id=\"1a8168a\" data-element_type=\"widget\" data-e-type=\"widget\" data-widget_type=\"heading.default\">\n\t\t\t\t\t<p class=\"elementor-heading-title elementor-size-default\">B\u1ea1n c\u00f3 th\u1eafc m\u1eafc ho\u1eb7c c\u1ea7n h\u1ed7 tr\u1ee3 chuy\u00ean m\u00f4n? H\u00e3y li\u00ean h\u1ec7 v\u1edbi \u0111\u1ed9i ng\u0169 ch\u0103m s\u00f3c kh\u00e1ch h\u00e0ng t\u1eadn t\u00e2m c\u1ee7a ch\u00fang t\u00f4i.<\/p>\t\t\t\t<\/div>\n\t\t\t\t<div class=\"elementor-element elementor-element-398ea4a elementor-widget elementor-widget-button\" data-id=\"398ea4a\" data-element_type=\"widget\" data-e-type=\"widget\" data-widget_type=\"button.default\">\n\t\t\t\t\t\t\t\t\t\t<a class=\"elementor-button elementor-button-link elementor-size-sm\" href=\"https:\/\/accounts.amillex.com\/regist-real\">\n\t\t\t\t\t\t<span class=\"elementor-button-content-wrapper\">\n\t\t\t\t\t\t\t\t\t<span class=\"elementor-button-text\">B\u1eaft \u0111\u1ea7u<\/span>\n\t\t\t\t\t<\/span>\n\t\t\t\t\t<\/a>\n\t\t\t\t\t\t\t\t<\/div>\n\t\t\t\t<\/div>\n\t\t<div class=\"elementor-element elementor-element-d9e095f e-con-full elementor-hidden-mobile e-flex elementor-invisible e-con e-child\" data-id=\"d9e095f\" data-element_type=\"container\" data-e-type=\"container\" data-settings=\"{&quot;animation&quot;:&quot;fadeInRight&quot;}\">\n\t\t\t\t<div class=\"elementor-element elementor-element-c1d59e4 elementor-widget elementor-widget-image\" data-id=\"c1d59e4\" data-element_type=\"widget\" data-e-type=\"widget\" data-widget_type=\"image.default\">\n\t\t\t\t\t\t\t\t\t\t\t\t\t\t\t<img fetchpriority=\"high\" decoding=\"async\" width=\"2451\" height=\"2560\" src=\"https:\/\/amillexvn1.com\/wp-content\/uploads\/2025\/09\/Contact-Us-Main-Banner-Image_1287x1344-01-scaled.png\" class=\"attachment-full size-full wp-image-1614\" alt=\"\" srcset=\"https:\/\/amillexvn1.com\/wp-content\/uploads\/2025\/09\/Contact-Us-Main-Banner-Image_1287x1344-01-scaled.png 2451w, https:\/\/amillexvn1.com\/wp-content\/uploads\/2025\/09\/Contact-Us-Main-Banner-Image_1287x1344-01-287x300.png 287w, https:\/\/amillexvn1.com\/wp-content\/uploads\/2025\/09\/Contact-Us-Main-Banner-Image_1287x1344-01-981x1024.png 981w, https:\/\/amillexvn1.com\/wp-content\/uploads\/2025\/09\/Contact-Us-Main-Banner-Image_1287x1344-01-768x802.png 768w, https:\/\/amillexvn1.com\/wp-content\/uploads\/2025\/09\/Contact-Us-Main-Banner-Image_1287x1344-01-1471x1536.png 1471w, https:\/\/amillexvn1.com\/wp-content\/uploads\/2025\/09\/Contact-Us-Main-Banner-Image_1287x1344-01-1961x2048.png 1961w, https:\/\/amillexvn1.com\/wp-content\/uploads\/2025\/09\/Contact-Us-Main-Banner-Image_1287x1344-01-11x12.png 11w\" sizes=\"(max-width: 2451px) 100vw, 2451px\" \/>\t\t\t\t\t\t\t\t\t\t\t\t\t\t\t<\/div>\n\t\t\t\t<\/div>\n\t\t\t\t\t<\/div>\n\t\t\t\t<\/div>\n\t\t<div class=\"elementor-element elementor-element-3118a7b e-con-full e-flex e-con e-child\" data-id=\"3118a7b\" data-element_type=\"container\" data-e-type=\"container\" data-settings=\"{&quot;background_background&quot;:&quot;classic&quot;}\">\n\t\t<div class=\"elementor-element elementor-element-9e49158 e-flex e-con-boxed e-con e-child\" data-id=\"9e49158\" data-element_type=\"container\" data-e-type=\"container\">\n\t\t\t\t\t<div class=\"e-con-inner\">\n\t\t\t\t<div class=\"elementor-element elementor-element-e3818a9 elementor-widget elementor-widget-image\" data-id=\"e3818a9\" data-element_type=\"widget\" data-e-type=\"widget\" data-widget_type=\"image.default\">\n\t\t\t\t\t\t\t\t\t\t\t\t\t\t\t<img decoding=\"async\" width=\"300\" height=\"200\" data-src=\"https:\/\/amillexvn1.com\/wp-content\/uploads\/2025\/09\/Contact-Us-Main-Banner-Bottom-Image_720x480-01-300x200.png\" class=\"attachment-medium size-medium wp-image-1618 lazyload\" alt=\"\" data-srcset=\"https:\/\/amillexvn1.com\/wp-content\/uploads\/2025\/09\/Contact-Us-Main-Banner-Bottom-Image_720x480-01-300x200.png 300w, https:\/\/amillexvn1.com\/wp-content\/uploads\/2025\/09\/Contact-Us-Main-Banner-Bottom-Image_720x480-01-1024x683.png 1024w, https:\/\/amillexvn1.com\/wp-content\/uploads\/2025\/09\/Contact-Us-Main-Banner-Bottom-Image_720x480-01-768x512.png 768w, https:\/\/amillexvn1.com\/wp-content\/uploads\/2025\/09\/Contact-Us-Main-Banner-Bottom-Image_720x480-01-18x12.png 18w, https:\/\/amillexvn1.com\/wp-content\/uploads\/2025\/09\/Contact-Us-Main-Banner-Bottom-Image_720x480-01.png 1440w\" data-sizes=\"(max-width: 300px) 100vw, 300px\" src=\"data:image\/svg+xml;base64,PHN2ZyB3aWR0aD0iMSIgaGVpZ2h0PSIxIiB4bWxucz0iaHR0cDovL3d3dy53My5vcmcvMjAwMC9zdmciPjwvc3ZnPg==\" style=\"--smush-placeholder-width: 300px; --smush-placeholder-aspect-ratio: 300\/200;\" \/>\t\t\t\t\t\t\t\t\t\t\t\t\t\t\t<\/div>\n\t\t<div class=\"elementor-element elementor-element-96c5f1d e-con-full e-flex e-con e-child\" data-id=\"96c5f1d\" data-element_type=\"container\" data-e-type=\"container\">\n\t\t\t\t<div class=\"elementor-element elementor-element-91fce02 elementor-widget elementor-widget-heading\" data-id=\"91fce02\" data-element_type=\"widget\" data-e-type=\"widget\" data-widget_type=\"heading.default\">\n\t\t\t\t\t<h2 class=\"elementor-heading-title elementor-size-default\">\u0110\u1ed9i ng\u0169 h\u1ed7 tr\u1ee3 c\u1ee7a ch\u00fang t\u00f4i lu\u00f4n s\u1eb5n s\u00e0ng ph\u1ee5c v\u1ee5 b\u1ea1n,<\/h2>\t\t\t\t<\/div>\n\t\t\t\t<div class=\"elementor-element elementor-element-175fb2c elementor-widget elementor-widget-heading\" data-id=\"175fb2c\" data-element_type=\"widget\" data-e-type=\"widget\" data-widget_type=\"heading.default\">\n\t\t\t\t\t<h2 class=\"elementor-heading-title elementor-size-default\">v\u1edbi h\u01a1n 10 ng\u00f4n ng\u1eef<\/h2>\t\t\t\t<\/div>\n\t\t\t\t<\/div>\n\t\t\t\t\t<\/div>\n\t\t\t\t<\/div>\n\t\t\t\t<\/div>\n\t\t<div class=\"elementor-element elementor-element-628a5d5 e-con-full e-flex e-con e-child\" data-id=\"628a5d5\" data-element_type=\"container\" data-e-type=\"container\" data-settings=\"{&quot;background_background&quot;:&quot;classic&quot;}\">\n\t\t<div class=\"elementor-element elementor-element-0c48b01 e-flex e-con-boxed e-con e-child\" data-id=\"0c48b01\" data-element_type=\"container\" data-e-type=\"container\" data-settings=\"{&quot;background_background&quot;:&quot;classic&quot;}\">\n\t\t\t\t\t<div class=\"e-con-inner\">\n\t\t<div class=\"elementor-element elementor-element-779b538 e-con-full e-flex e-con e-child\" data-id=\"779b538\" data-element_type=\"container\" data-e-type=\"container\" data-settings=\"{&quot;background_background&quot;:&quot;classic&quot;}\">\n\t\t<div class=\"elementor-element elementor-element-4619a16 e-con-full e-flex e-con e-child\" data-id=\"4619a16\" data-element_type=\"container\" data-e-type=\"container\">\n\t\t\t\t<div class=\"elementor-element elementor-element-d01b47c elementor-widget elementor-widget-image\" data-id=\"d01b47c\" data-element_type=\"widget\" data-e-type=\"widget\" data-widget_type=\"image.default\">\n\t\t\t\t\t\t\t\t\t\t\t\t\t\t\t<img decoding=\"async\" width=\"192\" height=\"192\" data-src=\"https:\/\/amillexvn1.com\/wp-content\/uploads\/2025\/09\/Panel2-Icons-96x96-01-1.png\" class=\"attachment-full size-full wp-image-1622 lazyload\" alt=\"\" data-srcset=\"https:\/\/amillexvn1.com\/wp-content\/uploads\/2025\/09\/Panel2-Icons-96x96-01-1.png 192w, https:\/\/amillexvn1.com\/wp-content\/uploads\/2025\/09\/Panel2-Icons-96x96-01-1-150x150.png 150w, https:\/\/amillexvn1.com\/wp-content\/uploads\/2025\/09\/Panel2-Icons-96x96-01-1-12x12.png 12w\" data-sizes=\"(max-width: 192px) 100vw, 192px\" src=\"data:image\/svg+xml;base64,PHN2ZyB3aWR0aD0iMSIgaGVpZ2h0PSIxIiB4bWxucz0iaHR0cDovL3d3dy53My5vcmcvMjAwMC9zdmciPjwvc3ZnPg==\" style=\"--smush-placeholder-width: 192px; --smush-placeholder-aspect-ratio: 192\/192;\" \/>\t\t\t\t\t\t\t\t\t\t\t\t\t\t\t<\/div>\n\t\t\t\t<div class=\"elementor-element elementor-element-84b9f02 elementor-widget elementor-widget-heading\" data-id=\"84b9f02\" data-element_type=\"widget\" data-e-type=\"widget\" data-widget_type=\"heading.default\">\n\t\t\t\t\t<h2 class=\"elementor-heading-title elementor-size-default\">E-mail<\/h2>\t\t\t\t<\/div>\n\t\t\t\t<\/div>\n\t\t\t\t<div class=\"elementor-element elementor-element-795bf65 elementor-widget elementor-widget-heading\" data-id=\"795bf65\" data-element_type=\"widget\" data-e-type=\"widget\" data-widget_type=\"heading.default\">\n\t\t\t\t\t<h2 class=\"elementor-heading-title elementor-size-default\">support@amillexvn.com<\/h2>\t\t\t\t<\/div>\n\t\t<div class=\"elementor-element elementor-element-d56e145 e-con-full e-flex e-con e-child\" data-id=\"d56e145\" data-element_type=\"container\" data-e-type=\"container\">\n\t\t\t\t<div class=\"elementor-element elementor-element-d07238f elementor-widget elementor-widget-button\" data-id=\"d07238f\" data-element_type=\"widget\" data-e-type=\"widget\" data-widget_type=\"button.default\">\n\t\t\t\t\t\t\t\t\t\t<a class=\"elementor-button elementor-button-link elementor-size-sm\" href=\"#\">\n\t\t\t\t\t\t<span class=\"elementor-button-content-wrapper\">\n\t\t\t\t\t\t\t\t\t<span class=\"elementor-button-text\">G\u1eedi th\u01b0 cho ch\u00fang t\u00f4i<\/span>\n\t\t\t\t\t<\/span>\n\t\t\t\t\t<\/a>\n\t\t\t\t\t\t\t\t<\/div>\n\t\t\t\t<\/div>\n\t\t\t\t<\/div>\n\t\t<div class=\"elementor-element elementor-element-fe5b4df e-con-full e-flex e-con e-child\" data-id=\"fe5b4df\" data-element_type=\"container\" data-e-type=\"container\" data-settings=\"{&quot;background_background&quot;:&quot;classic&quot;}\">\n\t\t<div class=\"elementor-element elementor-element-db6a6de e-con-full e-flex e-con e-child\" data-id=\"db6a6de\" data-element_type=\"container\" data-e-type=\"container\">\n\t\t\t\t<div class=\"elementor-element elementor-element-fe86ffb elementor-widget elementor-widget-image\" data-id=\"fe86ffb\" data-element_type=\"widget\" data-e-type=\"widget\" data-widget_type=\"image.default\">\n\t\t\t\t\t\t\t\t\t\t\t\t\t\t\t<img decoding=\"async\" width=\"193\" height=\"192\" data-src=\"https:\/\/amillexvn1.com\/wp-content\/uploads\/2025\/09\/Panel2-Icons-96x96-02-1.png\" class=\"attachment-full size-full wp-image-1623 lazyload\" alt=\"\" data-srcset=\"https:\/\/amillexvn1.com\/wp-content\/uploads\/2025\/09\/Panel2-Icons-96x96-02-1.png 193w, https:\/\/amillexvn1.com\/wp-content\/uploads\/2025\/09\/Panel2-Icons-96x96-02-1-150x150.png 150w, https:\/\/amillexvn1.com\/wp-content\/uploads\/2025\/09\/Panel2-Icons-96x96-02-1-12x12.png 12w\" data-sizes=\"(max-width: 193px) 100vw, 193px\" src=\"data:image\/svg+xml;base64,PHN2ZyB3aWR0aD0iMSIgaGVpZ2h0PSIxIiB4bWxucz0iaHR0cDovL3d3dy53My5vcmcvMjAwMC9zdmciPjwvc3ZnPg==\" style=\"--smush-placeholder-width: 193px; --smush-placeholder-aspect-ratio: 193\/192;\" \/>\t\t\t\t\t\t\t\t\t\t\t\t\t\t\t<\/div>\n\t\t\t\t<div class=\"elementor-element elementor-element-70d238a elementor-widget elementor-widget-heading\" data-id=\"70d238a\" data-element_type=\"widget\" data-e-type=\"widget\" data-widget_type=\"heading.default\">\n\t\t\t\t\t<h2 class=\"elementor-heading-title elementor-size-default\">H\u1ed7 tr\u1ee3 tr\u00f2 chuy\u1ec7n tr\u1ef1c ti\u1ebfp<\/h2>\t\t\t\t<\/div>\n\t\t\t\t<\/div>\n\t\t\t\t<div class=\"elementor-element elementor-element-e026b8d elementor-widget elementor-widget-heading\" data-id=\"e026b8d\" data-element_type=\"widget\" data-e-type=\"widget\" data-widget_type=\"heading.default\">\n\t\t\t\t\t<h2 class=\"elementor-heading-title elementor-size-default\">Tr\u1ee3 gi\u00fap ngay l\u1eadp t\u1ee9c t\u1eeb b\u1ed9 ph\u1eadn h\u1ed7 tr\u1ee3 c\u1ee7a ch\u00fang t\u00f4i<\/h2>\t\t\t\t<\/div>\n\t\t<div class=\"elementor-element elementor-element-fd2dd2d e-con-full e-flex e-con e-child\" data-id=\"fd2dd2d\" data-element_type=\"container\" data-e-type=\"container\">\n\t\t\t\t<div class=\"elementor-element elementor-element-d7e8539 elementor-widget elementor-widget-button\" data-id=\"d7e8539\" data-element_type=\"widget\" data-e-type=\"widget\" data-widget_type=\"button.default\">\n\t\t\t\t\t\t\t\t\t\t<a class=\"elementor-button elementor-button-link elementor-size-sm\" href=\"#\">\n\t\t\t\t\t\t<span class=\"elementor-button-content-wrapper\">\n\t\t\t\t\t\t\t\t\t<span class=\"elementor-button-text\">G\u1eedi tin nh\u1eafn cho ch\u00fang t\u00f4i<\/span>\n\t\t\t\t\t<\/span>\n\t\t\t\t\t<\/a>\n\t\t\t\t\t\t\t\t<\/div>\n\t\t\t\t<\/div>\n\t\t\t\t<\/div>\n\t\t<div class=\"elementor-element elementor-element-d42475f e-con-full e-flex e-con e-child\" data-id=\"d42475f\" data-element_type=\"container\" data-e-type=\"container\" data-settings=\"{&quot;background_background&quot;:&quot;classic&quot;}\">\n\t\t<div class=\"elementor-element elementor-element-8405510 e-con-full e-flex e-con e-child\" data-id=\"8405510\" data-element_type=\"container\" data-e-type=\"container\">\n\t\t\t\t<div class=\"elementor-element elementor-element-f3f5414 elementor-widget elementor-widget-image\" data-id=\"f3f5414\" data-element_type=\"widget\" data-e-type=\"widget\" data-widget_type=\"image.default\">\n\t\t\t\t\t\t\t\t\t\t\t\t\t\t\t<img decoding=\"async\" width=\"193\" height=\"192\" data-src=\"https:\/\/amillexvn1.com\/wp-content\/uploads\/2025\/09\/Panel2-Icons-96x96-03-1.png\" class=\"attachment-full size-full wp-image-1624 lazyload\" alt=\"\" data-srcset=\"https:\/\/amillexvn1.com\/wp-content\/uploads\/2025\/09\/Panel2-Icons-96x96-03-1.png 193w, https:\/\/amillexvn1.com\/wp-content\/uploads\/2025\/09\/Panel2-Icons-96x96-03-1-150x150.png 150w, https:\/\/amillexvn1.com\/wp-content\/uploads\/2025\/09\/Panel2-Icons-96x96-03-1-12x12.png 12w\" data-sizes=\"(max-width: 193px) 100vw, 193px\" src=\"data:image\/svg+xml;base64,PHN2ZyB3aWR0aD0iMSIgaGVpZ2h0PSIxIiB4bWxucz0iaHR0cDovL3d3dy53My5vcmcvMjAwMC9zdmciPjwvc3ZnPg==\" style=\"--smush-placeholder-width: 193px; --smush-placeholder-aspect-ratio: 193\/192;\" \/>\t\t\t\t\t\t\t\t\t\t\t\t\t\t\t<\/div>\n\t\t\t\t<div class=\"elementor-element elementor-element-a7c65ba elementor-widget elementor-widget-heading\" data-id=\"a7c65ba\" data-element_type=\"widget\" data-e-type=\"widget\" data-widget_type=\"heading.default\">\n\t\t\t\t\t<h2 class=\"elementor-heading-title elementor-size-default\">\u0110i\u1ec7n tho\u1ea1i<\/h2>\t\t\t\t<\/div>\n\t\t\t\t<\/div>\n\t\t\t\t<div class=\"elementor-element elementor-element-a433b3e elementor-widget elementor-widget-heading\" data-id=\"a433b3e\" data-element_type=\"widget\" data-e-type=\"widget\" data-widget_type=\"heading.default\">\n\t\t\t\t\t<h2 class=\"elementor-heading-title elementor-size-default\">+230 490 7500<\/h2>\t\t\t\t<\/div>\n\t\t<div class=\"elementor-element elementor-element-0b0e081 e-con-full e-flex e-con e-child\" data-id=\"0b0e081\" data-element_type=\"container\" data-e-type=\"container\">\n\t\t\t\t<div class=\"elementor-element elementor-element-c2374c2 elementor-widget elementor-widget-button\" data-id=\"c2374c2\" data-element_type=\"widget\" data-e-type=\"widget\" data-widget_type=\"button.default\">\n\t\t\t\t\t\t\t\t\t\t<a class=\"elementor-button elementor-button-link elementor-size-sm\" href=\"#\">\n\t\t\t\t\t\t<span class=\"elementor-button-content-wrapper\">\n\t\t\t\t\t\t\t\t\t<span class=\"elementor-button-text\">G\u1ecdi cho ch\u00fang t\u00f4i<\/span>\n\t\t\t\t\t<\/span>\n\t\t\t\t\t<\/a>\n\t\t\t\t\t\t\t\t<\/div>\n\t\t\t\t<\/div>\n\t\t\t\t<\/div>\n\t\t\t\t\t<\/div>\n\t\t\t\t<\/div>\n\t\t\t\t<\/div>\n\t\t<div class=\"elementor-element elementor-element-d01d3b7 e-flex e-con-boxed e-con e-parent\" data-id=\"d01d3b7\" data-element_type=\"container\" data-e-type=\"container\" data-settings=\"{&quot;background_background&quot;:&quot;classic&quot;}\">\n\t\t\t\t\t<div class=\"e-con-inner\">\n\t\t<div class=\"elementor-element elementor-element-380a85c e-con-full e-flex e-con e-child\" data-id=\"380a85c\" data-element_type=\"container\" data-e-type=\"container\">\n\t\t<div class=\"elementor-element elementor-element-6c973b0 e-con-full e-flex e-con e-child\" data-id=\"6c973b0\" data-element_type=\"container\" data-e-type=\"container\">\n\t\t\t\t<div class=\"elementor-element elementor-element-256a00e elementor-widget__width-initial elementor-widget elementor-widget-heading\" data-id=\"256a00e\" data-element_type=\"widget\" data-e-type=\"widget\" data-widget_type=\"heading.default\">\n\t\t\t\t\t<h2 class=\"elementor-heading-title elementor-size-default\">Ch\u00fang t\u00f4i kh\u00f4ng ch\u1ec9 cung c\u1ea5p m\u1ed9t n\u1ec1n t\u1ea3ng giao d\u1ecbch<\/h2>\t\t\t\t<\/div>\n\t\t<div class=\"elementor-element elementor-element-8a227d8 e-con-full e-flex e-con e-child\" data-id=\"8a227d8\" data-element_type=\"container\" data-e-type=\"container\">\n\t\t\t\t<div class=\"elementor-element elementor-element-2e77eb0 elementor-widget elementor-widget-text-editor\" data-id=\"2e77eb0\" data-element_type=\"widget\" data-e-type=\"widget\" data-widget_type=\"text-editor.default\">\n\t\t\t\t\t\t\t\t\t<p>Ch\u00fang t\u00f4i \u0111\u1ed3ng h\u00e0nh c\u00f9ng b\u1ea1n tr\u00ean h\u00e0nh tr\u00ecnh h\u01b0\u1edbng t\u1edbi th\u00e0nh c\u00f4ng t\u00e0i ch\u00ednh. Ch\u00fang t\u00f4i \u0111\u1ec1 cao s\u1ef1 ch\u00ednh tr\u1ef1c, \u0111\u1ed5i m\u1edbi v\u00e0 h\u00f2a nh\u1eadp, kh\u00f4ng ng\u1eebng n\u1ed7 l\u1ef1c \u0111\u1ec3 tr\u1edf th\u00e0nh ng\u1ecdn h\u1ea3i \u0111\u0103ng trong th\u1ebf gi\u1edbi t\u00e0i ch\u00ednh. H\u00e3y tham gia c\u00f9ng ch\u00fang t\u00f4i v\u00e0 c\u00f9ng nhau \u0111\u1ecbnh h\u00ecnh l\u1ea1i b\u1ed1i c\u1ea3nh giao d\u1ecbch tr\u1ef1c tuy\u1ebfn.<\/p>\t\t\t\t\t\t\t\t<\/div>\n\t\t\t\t<\/div>\n\t\t\t\t<\/div>\n\t\t<div class=\"elementor-element elementor-element-6cebf39 e-con-full e-flex e-con e-child\" data-id=\"6cebf39\" data-element_type=\"container\" data-e-type=\"container\">\n\t\t\t\t<div class=\"elementor-element elementor-element-369fc0e elementor-widget elementor-widget-button\" data-id=\"369fc0e\" data-element_type=\"widget\" data-e-type=\"widget\" data-widget_type=\"button.default\">\n\t\t\t\t\t\t\t\t\t\t<a class=\"elementor-button elementor-button-link elementor-size-sm\" href=\"https:\/\/accounts.amillex.com\/regist-real\">\n\t\t\t\t\t\t<span class=\"elementor-button-content-wrapper\">\n\t\t\t\t\t\t\t\t\t<span class=\"elementor-button-text\">B\u1eaft \u0111\u1ea7u giao d\u1ecbch<\/span>\n\t\t\t\t\t<\/span>\n\t\t\t\t\t<\/a>\n\t\t\t\t\t\t\t\t<\/div>\n\t\t\t\t<div class=\"elementor-element elementor-element-a404fbf elementor-widget elementor-widget-button\" data-id=\"a404fbf\" data-element_type=\"widget\" data-e-type=\"widget\" data-widget_type=\"button.default\">\n\t\t\t\t\t\t\t\t\t\t<a class=\"elementor-button elementor-button-link elementor-size-sm\" href=\"https:\/\/accounts.amillex.com\/regist-simulate\">\n\t\t\t\t\t\t<span class=\"elementor-button-content-wrapper\">\n\t\t\t\t\t\t\t\t\t<span class=\"elementor-button-text\">H\u00e3y th\u1eed b\u1ea3n demo<\/span>\n\t\t\t\t\t<\/span>\n\t\t\t\t\t<\/a>\n\t\t\t\t\t\t\t\t<\/div>\n\t\t\t\t<\/div>\n\t\t\t\t<\/div>\n\t\t<div class=\"elementor-element elementor-element-50b5ed8 e-con-full e-flex e-con e-child\" data-id=\"50b5ed8\" data-element_type=\"container\" data-e-type=\"container\">\n\t\t\t\t<div class=\"elementor-element elementor-element-910d26c elementor-widget elementor-widget-image\" data-id=\"910d26c\" data-element_type=\"widget\" data-e-type=\"widget\" data-widget_type=\"image.default\">\n\t\t\t\t\t\t\t\t\t\t\t\t\t\t\t<img decoding=\"async\" width=\"922\" height=\"1024\" data-src=\"https:\/\/amillexvn1.com\/wp-content\/uploads\/2025\/09\/Panel-8-Image_Gateway-3-922x1024.png\" class=\"attachment-large size-large wp-image-1570 lazyload\" alt=\"\" data-srcset=\"https:\/\/amillexvn1.com\/wp-content\/uploads\/2025\/09\/Panel-8-Image_Gateway-3-922x1024.png 922w, https:\/\/amillexvn1.com\/wp-content\/uploads\/2025\/09\/Panel-8-Image_Gateway-3-270x300.png 270w, https:\/\/amillexvn1.com\/wp-content\/uploads\/2025\/09\/Panel-8-Image_Gateway-3-768x853.png 768w, https:\/\/amillexvn1.com\/wp-content\/uploads\/2025\/09\/Panel-8-Image_Gateway-3-1382x1536.png 1382w, https:\/\/amillexvn1.com\/wp-content\/uploads\/2025\/09\/Panel-8-Image_Gateway-3-1843x2048.png 1843w, https:\/\/amillexvn1.com\/wp-content\/uploads\/2025\/09\/Panel-8-Image_Gateway-3-11x12.png 11w\" data-sizes=\"(max-width: 922px) 100vw, 922px\" src=\"data:image\/svg+xml;base64,PHN2ZyB3aWR0aD0iMSIgaGVpZ2h0PSIxIiB4bWxucz0iaHR0cDovL3d3dy53My5vcmcvMjAwMC9zdmciPjwvc3ZnPg==\" style=\"--smush-placeholder-width: 922px; --smush-placeholder-aspect-ratio: 922\/1024;\" \/>\t\t\t\t\t\t\t\t\t\t\t\t\t\t\t<\/div>\n\t\t\t\t<\/div>\n\t\t\t\t\t<\/div>\n\t\t\t\t<\/div>\n\t\t\t\t<\/div>","protected":false},"excerpt":{"rendered":"<p>Contact us 24\/5 Assistance Have a question or require specialist assistance? Contact our dedicated customer service team. Get Started Our Support Team is Here for You, with More Than 10 Languages Email support@amillexvn.com Mail Us Live Chat Support Instant help from our support Send Us Message Telephone +230 490 7500 Call Us We Don&#8217;t Just [&hellip;]<\/p>\n","protected":false},"author":3,"featured_media":0,"parent":0,"menu_order":0,"comment_status":"closed","ping_status":"closed","template":"","meta":{"ocean_post_layout":"","ocean_both_sidebars_style":"","ocean_both_sidebars_content_width":0,"ocean_both_sidebars_sidebars_width":0,"ocean_sidebar":"","ocean_second_sidebar":"","ocean_disable_margins":"enable","ocean_add_body_class":"","ocean_shortcode_before_top_bar":"","ocean_shortcode_after_top_bar":"","ocean_shortcode_before_header":"","ocean_shortcode_after_header":"","ocean_has_shortcode":"","ocean_shortcode_after_title":"","ocean_shortcode_before_footer_widgets":"","ocean_shortcode_after_footer_widgets":"","ocean_shortcode_before_footer_bottom":"","ocean_shortcode_after_footer_bottom":"","ocean_display_top_bar":"default","ocean_display_header":"default","ocean_header_style":"","ocean_center_header_left_menu":"","ocean_custom_header_template":"","ocean_custom_logo":0,"ocean_custom_retina_logo":0,"ocean_custom_logo_max_width":0,"ocean_custom_logo_tablet_max_width":0,"ocean_custom_logo_mobile_max_width":0,"ocean_custom_logo_max_height":0,"ocean_custom_logo_tablet_max_height":0,"ocean_custom_logo_mobile_max_height":0,"ocean_header_custom_menu":"","ocean_menu_typo_font_family":"","ocean_menu_typo_font_subset":"","ocean_menu_typo_font_size":0,"ocean_menu_typo_font_size_tablet":0,"ocean_menu_typo_font_size_mobile":0,"ocean_menu_typo_font_size_unit":"px","ocean_menu_typo_font_weight":"","ocean_menu_typo_font_weight_tablet":"","ocean_menu_typo_font_weight_mobile":"","ocean_menu_typo_transform":"","ocean_menu_typo_transform_tablet":"","ocean_menu_typo_transform_mobile":"","ocean_menu_typo_line_height":0,"ocean_menu_typo_line_height_tablet":0,"ocean_menu_typo_line_height_mobile":0,"ocean_menu_typo_line_height_unit":"","ocean_menu_typo_spacing":0,"ocean_menu_typo_spacing_tablet":0,"ocean_menu_typo_spacing_mobile":0,"ocean_menu_typo_spacing_unit":"","ocean_menu_link_color":"","ocean_menu_link_color_hover":"","ocean_menu_link_color_active":"","ocean_menu_link_background":"","ocean_menu_link_hover_background":"","ocean_menu_link_active_background":"","ocean_menu_social_links_bg":"","ocean_menu_social_hover_links_bg":"","ocean_menu_social_links_color":"","ocean_menu_social_hover_links_color":"","ocean_disable_title":"default","ocean_disable_heading":"default","ocean_post_title":"","ocean_post_subheading":"","ocean_post_title_style":"","ocean_post_title_background_color":"","ocean_post_title_background":0,"ocean_post_title_bg_image_position":"","ocean_post_title_bg_image_attachment":"","ocean_post_title_bg_image_repeat":"","ocean_post_title_bg_image_size":"","ocean_post_title_height":0,"ocean_post_title_bg_overlay":0.5,"ocean_post_title_bg_overlay_color":"","ocean_disable_breadcrumbs":"default","ocean_breadcrumbs_color":"","ocean_breadcrumbs_separator_color":"","ocean_breadcrumbs_links_color":"","ocean_breadcrumbs_links_hover_color":"","ocean_display_footer_widgets":"default","ocean_display_footer_bottom":"default","ocean_custom_footer_template":"","footnotes":""},"class_list":["post-904","page","type-page","status-publish","hentry","entry"],"_links":{"self":[{"href":"https:\/\/amillexvn1.com\/vi\/wp-json\/wp\/v2\/pages\/904","targetHints":{"allow":["GET"]}}],"collection":[{"href":"https:\/\/amillexvn1.com\/vi\/wp-json\/wp\/v2\/pages"}],"about":[{"href":"https:\/\/amillexvn1.com\/vi\/wp-json\/wp\/v2\/types\/page"}],"author":[{"embeddable":true,"href":"https:\/\/amillexvn1.com\/vi\/wp-json\/wp\/v2\/users\/3"}],"replies":[{"embeddable":true,"href":"https:\/\/amillexvn1.com\/vi\/wp-json\/wp\/v2\/comments?post=904"}],"version-history":[{"count":25,"href":"https:\/\/amillexvn1.com\/vi\/wp-json\/wp\/v2\/pages\/904\/revisions"}],"predecessor-version":[{"id":3196,"href":"https:\/\/amillexvn1.com\/vi\/wp-json\/wp\/v2\/pages\/904\/revisions\/3196"}],"wp:attachment":[{"href":"https:\/\/amillexvn1.com\/vi\/wp-json\/wp\/v2\/media?parent=904"}],"curies":[{"name":"wp","href":"https:\/\/api.w.org\/{rel}","templated":true}]}}