{"id":2235,"date":"2025-10-02T14:50:12","date_gmt":"2025-10-02T04:50:12","guid":{"rendered":"https:\/\/www.amillex.com\/?page_id=2235"},"modified":"2026-02-27T14:18:21","modified_gmt":"2026-02-27T03:18:21","slug":"blog-company-news","status":"publish","type":"page","link":"https:\/\/amillexvn1.com\/fr\/blog-company-news\/","title":{"rendered":"Actualit\u00e9s de l&#039;entreprise"},"content":{"rendered":"<div data-elementor-type=\"wp-page\" data-elementor-id=\"2235\" class=\"elementor elementor-2235\" data-elementor-post-type=\"page\">\n\t\t\t\t<div class=\"elementor-element elementor-element-ca1b608 e-flex e-con-boxed e-con e-child\" data-id=\"ca1b608\" data-element_type=\"container\" data-e-type=\"container\" data-settings=\"{&quot;background_background&quot;:&quot;classic&quot;}\">\n\t\t\t\t\t<div class=\"e-con-inner\">\n\t\t<div class=\"elementor-element elementor-element-62b5e7e e-con-full e-flex elementor-invisible e-con e-child\" data-id=\"62b5e7e\" data-element_type=\"container\" data-e-type=\"container\" data-settings=\"{&quot;animation&quot;:&quot;fadeInLeft&quot;}\">\n\t\t\t\t<div class=\"elementor-element elementor-element-3d945b2 elementor-widget elementor-widget-heading\" data-id=\"3d945b2\" data-element_type=\"widget\" data-e-type=\"widget\" data-widget_type=\"heading.default\">\n\t\t\t\t\t<h1 class=\"elementor-heading-title elementor-size-default\">Actualit\u00e9s de l&#039;entreprise<\/h1>\t\t\t\t<\/div>\n\t\t\t\t<div class=\"elementor-element elementor-element-4bce402 elementor-widget elementor-widget-heading\" data-id=\"4bce402\" data-element_type=\"widget\" data-e-type=\"widget\" data-widget_type=\"heading.default\">\n\t\t\t\t\t<h2 class=\"elementor-heading-title elementor-size-default\">Vous permet de saisir<\/h2>\t\t\t\t<\/div>\n\t\t\t\t<div class=\"elementor-element elementor-element-5e667c5 elementor-widget elementor-widget-heading\" data-id=\"5e667c5\" data-element_type=\"widget\" data-e-type=\"widget\" data-widget_type=\"heading.default\">\n\t\t\t\t\t<h2 class=\"elementor-heading-title elementor-size-default\">La tendance<\/h2>\t\t\t\t<\/div>\n\t\t\t\t<div class=\"elementor-element elementor-element-4581d8a elementor-widget__width-initial elementor-widget elementor-widget-heading\" data-id=\"4581d8a\" data-element_type=\"widget\" data-e-type=\"widget\" data-widget_type=\"heading.default\">\n\t\t\t\t\t<p class=\"elementor-heading-title elementor-size-default\">Obtenez toutes les actualit\u00e9s et mises \u00e0 jour pertinentes du march\u00e9 en un seul endroit.<\/p>\t\t\t\t<\/div>\n\t\t\t\t<div class=\"elementor-element elementor-element-707de4d elementor-widget elementor-widget-button\" data-id=\"707de4d\" data-element_type=\"widget\" data-e-type=\"widget\" data-widget_type=\"button.default\">\n\t\t\t\t\t\t\t\t\t\t<a class=\"elementor-button elementor-button-link elementor-size-sm\" href=\"https:\/\/accounts.amillex.com\/regist-real\">\n\t\t\t\t\t\t<span class=\"elementor-button-content-wrapper\">\n\t\t\t\t\t\t\t\t\t<span class=\"elementor-button-text\">En savoir plus<\/span>\n\t\t\t\t\t<\/span>\n\t\t\t\t\t<\/a>\n\t\t\t\t\t\t\t\t<\/div>\n\t\t\t\t<\/div>\n\t\t<div class=\"elementor-element elementor-element-70badc8 e-con-full elementor-hidden-mobile e-flex elementor-invisible e-con e-child\" data-id=\"70badc8\" data-element_type=\"container\" data-e-type=\"container\" data-settings=\"{&quot;animation&quot;:&quot;fadeInRight&quot;}\">\n\t\t\t\t<div class=\"elementor-element elementor-element-7535dce elementor-widget elementor-widget-image\" data-id=\"7535dce\" data-element_type=\"widget\" data-e-type=\"widget\" data-widget_type=\"image.default\">\n\t\t\t\t\t\t\t\t\t\t\t\t\t\t\t<img fetchpriority=\"high\" decoding=\"async\" width=\"2451\" height=\"2560\" src=\"https:\/\/amillexvn1.com\/wp-content\/uploads\/2025\/09\/MarketNews-Main-Banner-Image_1287x1344-01-scaled.png\" class=\"attachment-full size-full wp-image-1742\" alt=\"\" srcset=\"https:\/\/amillexvn1.com\/wp-content\/uploads\/2025\/09\/MarketNews-Main-Banner-Image_1287x1344-01-scaled.png 2451w, https:\/\/amillexvn1.com\/wp-content\/uploads\/2025\/09\/MarketNews-Main-Banner-Image_1287x1344-01-287x300.png 287w, https:\/\/amillexvn1.com\/wp-content\/uploads\/2025\/09\/MarketNews-Main-Banner-Image_1287x1344-01-981x1024.png 981w, https:\/\/amillexvn1.com\/wp-content\/uploads\/2025\/09\/MarketNews-Main-Banner-Image_1287x1344-01-768x802.png 768w, https:\/\/amillexvn1.com\/wp-content\/uploads\/2025\/09\/MarketNews-Main-Banner-Image_1287x1344-01-1471x1536.png 1471w, https:\/\/amillexvn1.com\/wp-content\/uploads\/2025\/09\/MarketNews-Main-Banner-Image_1287x1344-01-1961x2048.png 1961w, https:\/\/amillexvn1.com\/wp-content\/uploads\/2025\/09\/MarketNews-Main-Banner-Image_1287x1344-01-11x12.png 11w\" sizes=\"(max-width: 2451px) 100vw, 2451px\" \/>\t\t\t\t\t\t\t\t\t\t\t\t\t\t\t<\/div>\n\t\t\t\t<\/div>\n\t\t\t\t\t<\/div>\n\t\t\t\t<\/div>\n\t\t<div class=\"elementor-element elementor-element-e3c4c11 no-translate-container e-flex e-con-boxed elementor-invisible e-con e-parent\" data-id=\"e3c4c11\" data-element_type=\"container\" data-e-type=\"container\" data-settings=\"{&quot;animation&quot;:&quot;fadeInUp&quot;}\" data-no-auto-translation=\"\">\n\t\t\t\t\t<div class=\"e-con-inner\">\n\t\t<div class=\"elementor-element elementor-element-4b0dc52 e-con-full e-flex e-con e-child\" data-id=\"4b0dc52\" data-element_type=\"container\" data-e-type=\"container\" data-settings=\"{&quot;background_background&quot;:&quot;classic&quot;}\">\n\t\t\t\t<div class=\"elementor-element elementor-element-8985bee elementor-widget elementor-widget-button\" data-id=\"8985bee\" data-element_type=\"widget\" data-e-type=\"widget\" data-widget_type=\"button.default\">\n\t\t\t\t\t\t\t\t\t\t<a class=\"elementor-button elementor-button-link elementor-size-sm\" href=\"\/fr\/blog-company-news\/\">\n\t\t\t\t\t\t<span class=\"elementor-button-content-wrapper\">\n\t\t\t\t\t\t\t\t\t<span class=\"elementor-button-text\">English News<\/span>\n\t\t\t\t\t<\/span>\n\t\t\t\t\t<\/a>\n\t\t\t\t\t\t\t\t<\/div>\n\t\t\t\t<div class=\"elementor-element elementor-element-b738f75 elementor-widget elementor-widget-button\" data-id=\"b738f75\" data-element_type=\"widget\" data-e-type=\"widget\" data-widget_type=\"button.default\">\n\t\t\t\t\t\t\t\t\t\t<a class=\"elementor-button elementor-button-link elementor-size-sm\" href=\"\/fr\/blog-company-news-chinese\/\">\n\t\t\t\t\t\t<span class=\"elementor-button-content-wrapper\">\n\t\t\t\t\t\t\t\t\t<span class=\"elementor-button-text\">\u4e2d\u6587\u65b0\u95fb<\/span>\n\t\t\t\t\t<\/span>\n\t\t\t\t\t<\/a>\n\t\t\t\t\t\t\t\t<\/div>\n\t\t\t\t<div class=\"elementor-element elementor-element-b024c82 elementor-widget elementor-widget-button\" data-id=\"b024c82\" data-element_type=\"widget\" data-e-type=\"widget\" data-widget_type=\"button.default\">\n\t\t\t\t\t\t\t\t\t\t<a class=\"elementor-button elementor-button-link elementor-size-sm\" href=\"\/fr\/blog-company-news-vietnamese\/\">\n\t\t\t\t\t\t<span class=\"elementor-button-content-wrapper\">\n\t\t\t\t\t\t\t\t\t<span class=\"elementor-button-text\">Vietnamese News<\/span>\n\t\t\t\t\t<\/span>\n\t\t\t\t\t<\/a>\n\t\t\t\t\t\t\t\t<\/div>\n\t\t\t\t<\/div>\n\t\t\t\t<div class=\"elementor-element elementor-element-82e2e40 elementor-grid-3 elementor-grid-tablet-2 elementor-grid-mobile-1 elementor-posts--thumbnail-top elementor-widget elementor-widget-posts\" data-id=\"82e2e40\" data-element_type=\"widget\" data-e-type=\"widget\" data-settings=\"{&quot;classic_row_gap&quot;:{&quot;unit&quot;:&quot;px&quot;,&quot;size&quot;:40,&quot;sizes&quot;:[]},&quot;pagination_type&quot;:&quot;numbers_and_prev_next&quot;,&quot;classic_columns&quot;:&quot;3&quot;,&quot;classic_columns_tablet&quot;:&quot;2&quot;,&quot;classic_columns_mobile&quot;:&quot;1&quot;,&quot;classic_row_gap_tablet&quot;:{&quot;unit&quot;:&quot;px&quot;,&quot;size&quot;:&quot;&quot;,&quot;sizes&quot;:[]},&quot;classic_row_gap_mobile&quot;:{&quot;unit&quot;:&quot;px&quot;,&quot;size&quot;:&quot;&quot;,&quot;sizes&quot;:[]}}\" data-widget_type=\"posts.classic\">\n\t\t\t\t<div class=\"elementor-widget-container\">\n\t\t\t\t\t\t\t<div class=\"elementor-posts-container elementor-posts elementor-posts--skin-classic elementor-grid\" role=\"list\">\n\t\t\t\t<article class=\"elementor-post elementor-grid-item post-3075 post type-post status-publish format-standard has-post-thumbnail hentry category-company-news entry has-media\" role=\"listitem\">\n\t\t\t\t<a class=\"elementor-post__thumbnail__link\" href=\"https:\/\/amillexvn1.com\/fr\/2025\/11\/07\/amillex-global-secures-2\/\" tabindex=\"-1\" target=\"&quot;_blank&quot;\">\n\t\t\t<div class=\"elementor-post__thumbnail\"><img decoding=\"async\" width=\"2560\" height=\"1280\" data-src=\"https:\/\/amillexvn1.com\/wp-content\/uploads\/2025\/11\/iFX_EN-11-scaled.png\" class=\"attachment-full size-full wp-image-3077 lazyload\" alt=\"\" data-srcset=\"https:\/\/amillexvn1.com\/wp-content\/uploads\/2025\/11\/iFX_EN-11-scaled.png 2560w, https:\/\/amillexvn1.com\/wp-content\/uploads\/2025\/11\/iFX_EN-11-300x150.png 300w, https:\/\/amillexvn1.com\/wp-content\/uploads\/2025\/11\/iFX_EN-11-1024x512.png 1024w, https:\/\/amillexvn1.com\/wp-content\/uploads\/2025\/11\/iFX_EN-11-768x384.png 768w, https:\/\/amillexvn1.com\/wp-content\/uploads\/2025\/11\/iFX_EN-11-1536x768.png 1536w, https:\/\/amillexvn1.com\/wp-content\/uploads\/2025\/11\/iFX_EN-11-2048x1024.png 2048w, https:\/\/amillexvn1.com\/wp-content\/uploads\/2025\/11\/iFX_EN-11-18x9.png 18w\" data-sizes=\"(max-width: 2560px) 100vw, 2560px\" src=\"data:image\/svg+xml;base64,PHN2ZyB3aWR0aD0iMSIgaGVpZ2h0PSIxIiB4bWxucz0iaHR0cDovL3d3dy53My5vcmcvMjAwMC9zdmciPjwvc3ZnPg==\" style=\"--smush-placeholder-width: 2560px; --smush-placeholder-aspect-ratio: 2560\/1280;\" \/><\/div>\n\t\t<\/a>\n\t\t\t\t<div class=\"elementor-post__text\">\n\t\t\t\t<h6 class=\"elementor-post__title\">\n\t\t\t<a href=\"https:\/\/amillexvn1.com\/fr\/2025\/11\/07\/amillex-global-secures-2\/\" target=\"&quot;_blank&quot;\">\n\t\t\t\tAmillex at iFX EXPO Asia 2025: Deepening Asia Presence, Connecting the Global Financial Ecosystem with Innovation\t\t\t<\/a>\n\t\t<\/h6>\n\t\t\n\t\t<a class=\"elementor-post__read-more\" href=\"https:\/\/amillexvn1.com\/fr\/2025\/11\/07\/amillex-global-secures-2\/\" aria-label=\"En savoir plus sur Amillex at iFX EXPO Asia 2025: Deepening Asia Presence, Connecting the Global Financial Ecosystem with Innovation\" tabindex=\"-1\" target=\"_blank\">\n\t\t\tRead article\u200b \u00bb\t\t<\/a>\n\n\t\t\t\t<\/div>\n\t\t\t\t<\/article>\n\t\t\t\t<article class=\"elementor-post elementor-grid-item post-3067 post type-post status-publish format-standard has-post-thumbnail hentry category-company-news entry has-media\" role=\"listitem\">\n\t\t\t\t<a class=\"elementor-post__thumbnail__link\" href=\"https:\/\/amillexvn1.com\/fr\/2025\/11\/07\/amillex-usd-1-5-million-professional-indemnity-insurance-comprehensively-builds-a-client-fund-protection-system\/\" tabindex=\"-1\" target=\"&quot;_blank&quot;\">\n\t\t\t<div class=\"elementor-post__thumbnail\"><img decoding=\"async\" width=\"800\" height=\"400\" data-src=\"https:\/\/amillexvn1.com\/wp-content\/uploads\/2025\/10\/Wechat-Article-Images_EN-09.jpg\" class=\"attachment-full size-full wp-image-3066 lazyload\" alt=\"\" data-srcset=\"https:\/\/amillexvn1.com\/wp-content\/uploads\/2025\/10\/Wechat-Article-Images_EN-09.jpg 800w, https:\/\/amillexvn1.com\/wp-content\/uploads\/2025\/10\/Wechat-Article-Images_EN-09-300x150.jpg 300w, https:\/\/amillexvn1.com\/wp-content\/uploads\/2025\/10\/Wechat-Article-Images_EN-09-768x384.jpg 768w, https:\/\/amillexvn1.com\/wp-content\/uploads\/2025\/10\/Wechat-Article-Images_EN-09-18x9.jpg 18w\" data-sizes=\"(max-width: 800px) 100vw, 800px\" src=\"data:image\/svg+xml;base64,PHN2ZyB3aWR0aD0iMSIgaGVpZ2h0PSIxIiB4bWxucz0iaHR0cDovL3d3dy53My5vcmcvMjAwMC9zdmciPjwvc3ZnPg==\" style=\"--smush-placeholder-width: 800px; --smush-placeholder-aspect-ratio: 800\/400;\" \/><\/div>\n\t\t<\/a>\n\t\t\t\t<div class=\"elementor-post__text\">\n\t\t\t\t<h6 class=\"elementor-post__title\">\n\t\t\t<a href=\"https:\/\/amillexvn1.com\/fr\/2025\/11\/07\/amillex-usd-1-5-million-professional-indemnity-insurance-comprehensively-builds-a-client-fund-protection-system\/\" target=\"&quot;_blank&quot;\">\n\t\t\t\tAmillex: USD 1.5 Million Professional Indemnity Insurance Comprehensively Builds a Client Fund Protection System\t\t\t<\/a>\n\t\t<\/h6>\n\t\t\n\t\t<a class=\"elementor-post__read-more\" href=\"https:\/\/amillexvn1.com\/fr\/2025\/11\/07\/amillex-usd-1-5-million-professional-indemnity-insurance-comprehensively-builds-a-client-fund-protection-system\/\" aria-label=\"En savoir plus sur Amillex: USD 1.5 Million Professional Indemnity Insurance Comprehensively Builds a Client Fund Protection System\" tabindex=\"-1\" target=\"_blank\">\n\t\t\tRead article\u200b \u00bb\t\t<\/a>\n\n\t\t\t\t<\/div>\n\t\t\t\t<\/article>\n\t\t\t\t<article class=\"elementor-post elementor-grid-item post-3055 post type-post status-publish format-standard has-post-thumbnail hentry category-company-news entry has-media\" role=\"listitem\">\n\t\t\t\t<a class=\"elementor-post__thumbnail__link\" href=\"https:\/\/amillexvn1.com\/fr\/2025\/11\/06\/amillex-global-secures\/\" tabindex=\"-1\" target=\"&quot;_blank&quot;\">\n\t\t\t<div class=\"elementor-post__thumbnail\"><img decoding=\"async\" width=\"960\" height=\"480\" data-src=\"https:\/\/amillexvn1.com\/wp-content\/uploads\/2025\/11\/Company-News-Image_EN_001-05-1.png\" class=\"attachment-full size-full wp-image-3056 lazyload\" alt=\"\" data-srcset=\"https:\/\/amillexvn1.com\/wp-content\/uploads\/2025\/11\/Company-News-Image_EN_001-05-1.png 960w, https:\/\/amillexvn1.com\/wp-content\/uploads\/2025\/11\/Company-News-Image_EN_001-05-1-300x150.png 300w, https:\/\/amillexvn1.com\/wp-content\/uploads\/2025\/11\/Company-News-Image_EN_001-05-1-768x384.png 768w, https:\/\/amillexvn1.com\/wp-content\/uploads\/2025\/11\/Company-News-Image_EN_001-05-1-18x9.png 18w\" data-sizes=\"(max-width: 960px) 100vw, 960px\" src=\"data:image\/svg+xml;base64,PHN2ZyB3aWR0aD0iMSIgaGVpZ2h0PSIxIiB4bWxucz0iaHR0cDovL3d3dy53My5vcmcvMjAwMC9zdmciPjwvc3ZnPg==\" style=\"--smush-placeholder-width: 960px; --smush-placeholder-aspect-ratio: 960\/480;\" \/><\/div>\n\t\t<\/a>\n\t\t\t\t<div class=\"elementor-post__text\">\n\t\t\t\t<h6 class=\"elementor-post__title\">\n\t\t\t<a href=\"https:\/\/amillexvn1.com\/fr\/2025\/11\/06\/amillex-global-secures\/\" target=\"&quot;_blank&quot;\">\n\t\t\t\tAmillex Global Secures Australian Financial Services Licence, Reinforcing Global Regulatory Commitment\t\t\t<\/a>\n\t\t<\/h6>\n\t\t\n\t\t<a class=\"elementor-post__read-more\" href=\"https:\/\/amillexvn1.com\/fr\/2025\/11\/06\/amillex-global-secures\/\" aria-label=\"En savoir plus sur Amillex Global Secures Australian Financial Services Licence, Reinforcing Global Regulatory Commitment\" tabindex=\"-1\" target=\"_blank\">\n\t\t\tRead article\u200b \u00bb\t\t<\/a>\n\n\t\t\t\t<\/div>\n\t\t\t\t<\/article>\n\t\t\t\t<\/div>\n\t\t\n\t\t\t\t\t\t<\/div>\n\t\t\t\t<\/div>\n\t\t\t\t\t<\/div>\n\t\t\t\t<\/div>\n\t\t<div class=\"elementor-element elementor-element-03421d4 e-flex e-con-boxed e-con e-parent\" data-id=\"03421d4\" data-element_type=\"container\" data-e-type=\"container\" data-settings=\"{&quot;background_background&quot;:&quot;classic&quot;}\">\n\t\t\t\t\t<div class=\"e-con-inner\">\n\t\t<div class=\"elementor-element elementor-element-187c826 e-con-full e-flex e-con e-child\" data-id=\"187c826\" data-element_type=\"container\" data-e-type=\"container\">\n\t\t<div class=\"elementor-element elementor-element-3889a24 e-con-full e-flex e-con e-child\" data-id=\"3889a24\" data-element_type=\"container\" data-e-type=\"container\">\n\t\t\t\t<div class=\"elementor-element elementor-element-70d768a elementor-widget__width-initial elementor-widget elementor-widget-heading\" data-id=\"70d768a\" data-element_type=\"widget\" data-e-type=\"widget\" data-widget_type=\"heading.default\">\n\t\t\t\t\t<h2 class=\"elementor-heading-title elementor-size-default\">B\u00e9n\u00e9ficiez de transactions fluides et s\u00e9curis\u00e9es avec Amillex<\/h2>\t\t\t\t<\/div>\n\t\t<div class=\"elementor-element elementor-element-2627ded e-con-full e-flex e-con e-child\" data-id=\"2627ded\" data-element_type=\"container\" data-e-type=\"container\">\n\t\t\t\t<div class=\"elementor-element elementor-element-eabe0d7 elementor-widget elementor-widget-text-editor\" data-id=\"eabe0d7\" data-element_type=\"widget\" data-e-type=\"widget\" data-widget_type=\"text-editor.default\">\n\t\t\t\t\t\t\t\t\t<p>Commencez \u00e0 trader en toute confiance et g\u00e9rez vos fonds en toute simplicit\u00e9.<\/p>\t\t\t\t\t\t\t\t<\/div>\n\t\t\t\t<\/div>\n\t\t\t\t<\/div>\n\t\t<div class=\"elementor-element elementor-element-8fe3608 e-con-full e-flex e-con e-child\" data-id=\"8fe3608\" data-element_type=\"container\" data-e-type=\"container\">\n\t\t\t\t<div class=\"elementor-element elementor-element-23d12a8 elementor-widget elementor-widget-button\" data-id=\"23d12a8\" data-element_type=\"widget\" data-e-type=\"widget\" data-widget_type=\"button.default\">\n\t\t\t\t\t\t\t\t\t\t<a class=\"elementor-button elementor-button-link elementor-size-sm\" href=\"https:\/\/accounts.amillex.com\/regist-real\">\n\t\t\t\t\t\t<span class=\"elementor-button-content-wrapper\">\n\t\t\t\t\t\t\t\t\t<span class=\"elementor-button-text\">Commencer \u00e0 trader<\/span>\n\t\t\t\t\t<\/span>\n\t\t\t\t\t<\/a>\n\t\t\t\t\t\t\t\t<\/div>\n\t\t\t\t<div class=\"elementor-element elementor-element-1e6c9f6 elementor-widget elementor-widget-button\" data-id=\"1e6c9f6\" data-element_type=\"widget\" data-e-type=\"widget\" data-widget_type=\"button.default\">\n\t\t\t\t\t\t\t\t\t\t<a class=\"elementor-button elementor-button-link elementor-size-sm\" href=\"https:\/\/accounts.amillex.com\/regist-simulate\">\n\t\t\t\t\t\t<span class=\"elementor-button-content-wrapper\">\n\t\t\t\t\t\t\t\t\t<span class=\"elementor-button-text\">Essayez la d\u00e9mo<\/span>\n\t\t\t\t\t<\/span>\n\t\t\t\t\t<\/a>\n\t\t\t\t\t\t\t\t<\/div>\n\t\t\t\t<\/div>\n\t\t\t\t<\/div>\n\t\t<div class=\"elementor-element elementor-element-0eaf026 e-con-full e-flex e-con e-child\" data-id=\"0eaf026\" data-element_type=\"container\" data-e-type=\"container\">\n\t\t\t\t<div class=\"elementor-element elementor-element-8dcbc73 elementor-widget elementor-widget-image\" data-id=\"8dcbc73\" data-element_type=\"widget\" data-e-type=\"widget\" data-widget_type=\"image.default\">\n\t\t\t\t\t\t\t\t\t\t\t\t\t\t\t<img decoding=\"async\" width=\"922\" height=\"1024\" data-src=\"https:\/\/amillexvn1.com\/wp-content\/uploads\/2025\/09\/Panel-8-Image_Gateway-3-922x1024.png\" class=\"attachment-large size-large wp-image-1570 lazyload\" alt=\"\" data-srcset=\"https:\/\/amillexvn1.com\/wp-content\/uploads\/2025\/09\/Panel-8-Image_Gateway-3-922x1024.png 922w, https:\/\/amillexvn1.com\/wp-content\/uploads\/2025\/09\/Panel-8-Image_Gateway-3-270x300.png 270w, https:\/\/amillexvn1.com\/wp-content\/uploads\/2025\/09\/Panel-8-Image_Gateway-3-768x853.png 768w, https:\/\/amillexvn1.com\/wp-content\/uploads\/2025\/09\/Panel-8-Image_Gateway-3-1382x1536.png 1382w, https:\/\/amillexvn1.com\/wp-content\/uploads\/2025\/09\/Panel-8-Image_Gateway-3-1843x2048.png 1843w, https:\/\/amillexvn1.com\/wp-content\/uploads\/2025\/09\/Panel-8-Image_Gateway-3-11x12.png 11w\" data-sizes=\"(max-width: 922px) 100vw, 922px\" src=\"data:image\/svg+xml;base64,PHN2ZyB3aWR0aD0iMSIgaGVpZ2h0PSIxIiB4bWxucz0iaHR0cDovL3d3dy53My5vcmcvMjAwMC9zdmciPjwvc3ZnPg==\" style=\"--smush-placeholder-width: 922px; --smush-placeholder-aspect-ratio: 922\/1024;\" \/>\t\t\t\t\t\t\t\t\t\t\t\t\t\t\t<\/div>\n\t\t\t\t<\/div>\n\t\t\t\t\t<\/div>\n\t\t\t\t<\/div>\n\t\t\t\t<\/div>","protected":false},"excerpt":{"rendered":"<p>Company<\/p>","protected":false},"author":3,"featured_media":0,"parent":0,"menu_order":0,"comment_status":"closed","ping_status":"closed","template":"","meta":{"ocean_post_layout":"","ocean_both_sidebars_style":"","ocean_both_sidebars_content_width":0,"ocean_both_sidebars_sidebars_width":0,"ocean_sidebar":"","ocean_second_sidebar":"","ocean_disable_margins":"enable","ocean_add_body_class":"","ocean_shortcode_before_top_bar":"","ocean_shortcode_after_top_bar":"","ocean_shortcode_before_header":"","ocean_shortcode_after_header":"","ocean_has_shortcode":"","ocean_shortcode_after_title":"","ocean_shortcode_before_footer_widgets":"","ocean_shortcode_after_footer_widgets":"","ocean_shortcode_before_footer_bottom":"","ocean_shortcode_after_footer_bottom":"","ocean_display_top_bar":"default","ocean_display_header":"default","ocean_header_style":"","ocean_center_header_left_menu":"","ocean_custom_header_template":"","ocean_custom_logo":0,"ocean_custom_retina_logo":0,"ocean_custom_logo_max_width":0,"ocean_custom_logo_tablet_max_width":0,"ocean_custom_logo_mobile_max_width":0,"ocean_custom_logo_max_height":0,"ocean_custom_logo_tablet_max_height":0,"ocean_custom_logo_mobile_max_height":0,"ocean_header_custom_menu":"","ocean_menu_typo_font_family":"","ocean_menu_typo_font_subset":"","ocean_menu_typo_font_size":0,"ocean_menu_typo_font_size_tablet":0,"ocean_menu_typo_font_size_mobile":0,"ocean_menu_typo_font_size_unit":"px","ocean_menu_typo_font_weight":"","ocean_menu_typo_font_weight_tablet":"","ocean_menu_typo_font_weight_mobile":"","ocean_menu_typo_transform":"","ocean_menu_typo_transform_tablet":"","ocean_menu_typo_transform_mobile":"","ocean_menu_typo_line_height":0,"ocean_menu_typo_line_height_tablet":0,"ocean_menu_typo_line_height_mobile":0,"ocean_menu_typo_line_height_unit":"","ocean_menu_typo_spacing":0,"ocean_menu_typo_spacing_tablet":0,"ocean_menu_typo_spacing_mobile":0,"ocean_menu_typo_spacing_unit":"","ocean_menu_link_color":"","ocean_menu_link_color_hover":"","ocean_menu_link_color_active":"","ocean_menu_link_background":"","ocean_menu_link_hover_background":"","ocean_menu_link_active_background":"","ocean_menu_social_links_bg":"","ocean_menu_social_hover_links_bg":"","ocean_menu_social_links_color":"","ocean_menu_social_hover_links_color":"","ocean_disable_title":"default","ocean_disable_heading":"default","ocean_post_title":"","ocean_post_subheading":"","ocean_post_title_style":"","ocean_post_title_background_color":"","ocean_post_title_background":0,"ocean_post_title_bg_image_position":"","ocean_post_title_bg_image_attachment":"","ocean_post_title_bg_image_repeat":"","ocean_post_title_bg_image_size":"","ocean_post_title_height":0,"ocean_post_title_bg_overlay":0.5,"ocean_post_title_bg_overlay_color":"","ocean_disable_breadcrumbs":"default","ocean_breadcrumbs_color":"","ocean_breadcrumbs_separator_color":"","ocean_breadcrumbs_links_color":"","ocean_breadcrumbs_links_hover_color":"","ocean_display_footer_widgets":"default","ocean_display_footer_bottom":"default","ocean_custom_footer_template":"","footnotes":""},"class_list":["post-2235","page","type-page","status-publish","hentry","entry","has-media"],"_links":{"self":[{"href":"https:\/\/amillexvn1.com\/fr\/wp-json\/wp\/v2\/pages\/2235","targetHints":{"allow":["GET"]}}],"collection":[{"href":"https:\/\/amillexvn1.com\/fr\/wp-json\/wp\/v2\/pages"}],"about":[{"href":"https:\/\/amillexvn1.com\/fr\/wp-json\/wp\/v2\/types\/page"}],"author":[{"embeddable":true,"href":"https:\/\/amillexvn1.com\/fr\/wp-json\/wp\/v2\/users\/3"}],"replies":[{"embeddable":true,"href":"https:\/\/amillexvn1.com\/fr\/wp-json\/wp\/v2\/comments?post=2235"}],"version-history":[{"count":28,"href":"https:\/\/amillexvn1.com\/fr\/wp-json\/wp\/v2\/pages\/2235\/revisions"}],"predecessor-version":[{"id":3266,"href":"https:\/\/amillexvn1.com\/fr\/wp-json\/wp\/v2\/pages\/2235\/revisions\/3266"}],"wp:attachment":[{"href":"https:\/\/amillexvn1.com\/fr\/wp-json\/wp\/v2\/media?parent=2235"}],"curies":[{"name":"wp","href":"https:\/\/api.w.org\/{rel}","templated":true}]}}