{"id":915,"date":"2025-09-18T11:32:09","date_gmt":"2025-09-18T01:32:09","guid":{"rendered":"http:\/\/www.amillex.com\/?page_id=915"},"modified":"2025-09-22T11:49:32","modified_gmt":"2025-09-22T01:49:32","slug":"regulation","status":"publish","type":"page","link":"https:\/\/amillexvn1.com\/de\/regulation\/","title":{"rendered":"Verordnung"},"content":{"rendered":"<div data-elementor-type=\"wp-page\" data-elementor-id=\"915\" class=\"elementor elementor-915\" data-elementor-post-type=\"page\">\n\t\t\t\t<div class=\"elementor-element elementor-element-5f3c739 e-con-full e-flex e-con e-parent\" data-id=\"5f3c739\" data-element_type=\"container\" data-e-type=\"container\" data-settings=\"{&quot;background_background&quot;:&quot;classic&quot;}\">\n\t\t<div class=\"elementor-element elementor-element-4710fe5 e-flex e-con-boxed e-con e-child\" data-id=\"4710fe5\" data-element_type=\"container\" data-e-type=\"container\">\n\t\t\t\t\t<div class=\"e-con-inner\">\n\t\t<div class=\"elementor-element elementor-element-0f403c2 e-con-full e-flex elementor-invisible e-con e-child\" data-id=\"0f403c2\" data-element_type=\"container\" data-e-type=\"container\" data-settings=\"{&quot;animation&quot;:&quot;fadeInLeft&quot;}\">\n\t\t\t\t<div class=\"elementor-element elementor-element-c6b4cd1 elementor-widget elementor-widget-heading\" data-id=\"c6b4cd1\" data-element_type=\"widget\" data-e-type=\"widget\" data-widget_type=\"heading.default\">\n\t\t\t\t\t<h2 class=\"elementor-heading-title elementor-size-default\">Verordnung<\/h2>\t\t\t\t<\/div>\n\t\t\t\t<div class=\"elementor-element elementor-element-af48e4c elementor-widget__width-initial elementor-widget elementor-widget-heading\" data-id=\"af48e4c\" data-element_type=\"widget\" data-e-type=\"widget\" data-widget_type=\"heading.default\">\n\t\t\t\t\t<p class=\"elementor-heading-title elementor-size-default\">Amillex ist von einer der strengsten Finanzaufsichtsbeh\u00f6rden der Welt lizenziert und reguliert, sodass Sie beim Handeln das Wissen haben, dass Ihre finanzielle Sicherheit gesch\u00fctzt ist.<\/p>\t\t\t\t<\/div>\n\t\t\t\t<div class=\"elementor-element elementor-element-2a55af2 elementor-widget elementor-widget-button\" data-id=\"2a55af2\" data-element_type=\"widget\" data-e-type=\"widget\" data-widget_type=\"button.default\">\n\t\t\t\t\t\t\t\t\t\t<a class=\"elementor-button elementor-button-link elementor-size-sm\" href=\"https:\/\/accounts.amillexvn.com\/regist-real\">\n\t\t\t\t\t\t<span class=\"elementor-button-content-wrapper\">\n\t\t\t\t\t\t\t\t\t<span class=\"elementor-button-text\">Beginnen Sie mit dem Handel<\/span>\n\t\t\t\t\t<\/span>\n\t\t\t\t\t<\/a>\n\t\t\t\t\t\t\t\t<\/div>\n\t\t\t\t<\/div>\n\t\t<div class=\"elementor-element elementor-element-6524fbf e-con-full e-flex elementor-invisible e-con e-child\" data-id=\"6524fbf\" data-element_type=\"container\" data-e-type=\"container\" data-settings=\"{&quot;animation&quot;:&quot;fadeInRight&quot;}\">\n\t\t\t\t<div class=\"elementor-element elementor-element-438d682 elementor-widget elementor-widget-image\" data-id=\"438d682\" data-element_type=\"widget\" data-e-type=\"widget\" data-widget_type=\"image.default\">\n\t\t\t\t\t\t\t\t\t\t\t\t\t\t\t<img fetchpriority=\"high\" decoding=\"async\" width=\"2560\" height=\"1841\" src=\"https:\/\/amillexvn1.com\/wp-content\/uploads\/2025\/09\/Company-Career_1452x1040-03-png-scaled.webp\" class=\"attachment-full size-full wp-image-917\" alt=\"\" srcset=\"https:\/\/amillexvn1.com\/wp-content\/uploads\/2025\/09\/Company-Career_1452x1040-03-png-scaled.webp 2560w, https:\/\/amillexvn1.com\/wp-content\/uploads\/2025\/09\/Company-Career_1452x1040-03-png-300x216.webp 300w, https:\/\/amillexvn1.com\/wp-content\/uploads\/2025\/09\/Company-Career_1452x1040-03-png-1024x736.webp 1024w, https:\/\/amillexvn1.com\/wp-content\/uploads\/2025\/09\/Company-Career_1452x1040-03-png-768x552.webp 768w, https:\/\/amillexvn1.com\/wp-content\/uploads\/2025\/09\/Company-Career_1452x1040-03-png-1536x1104.webp 1536w, https:\/\/amillexvn1.com\/wp-content\/uploads\/2025\/09\/Company-Career_1452x1040-03-png-2048x1473.webp 2048w, https:\/\/amillexvn1.com\/wp-content\/uploads\/2025\/09\/Company-Career_1452x1040-03-png-18x12.webp 18w\" sizes=\"(max-width: 2560px) 100vw, 2560px\" \/>\t\t\t\t\t\t\t\t\t\t\t\t\t\t\t<\/div>\n\t\t\t\t<\/div>\n\t\t\t\t\t<\/div>\n\t\t\t\t<\/div>\n\t\t\t\t<\/div>\n\t\t<div class=\"elementor-element elementor-element-6dca3d2 e-flex e-con-boxed elementor-invisible e-con e-parent\" data-id=\"6dca3d2\" data-element_type=\"container\" data-e-type=\"container\" data-settings=\"{&quot;animation&quot;:&quot;fadeIn&quot;}\">\n\t\t\t\t\t<div class=\"e-con-inner\">\n\t\t\t\t<div class=\"elementor-element elementor-element-440a612 elementor-widget elementor-widget-heading\" data-id=\"440a612\" data-element_type=\"widget\" data-e-type=\"widget\" data-widget_type=\"heading.default\">\n\t\t\t\t\t<h2 class=\"elementor-heading-title elementor-size-default\">Wir verf\u00fcgen \u00fcber umfassende Lizenzen und werden von weltweit anerkannten Beh\u00f6rden reguliert, darunter eine der strengsten Finanzaufsichtsbeh\u00f6rden der Welt. So k\u00f6nnen Sie sicher sein, dass Ihre finanzielle Sicherheit w\u00e4hrend des Handels gewahrt bleibt.<\/h2>\t\t\t\t<\/div>\n\t\t<div class=\"elementor-element elementor-element-8be8e54 e-con-full e-flex e-con e-child\" data-id=\"8be8e54\" data-element_type=\"container\" data-e-type=\"container\">\n\t\t<div class=\"elementor-element elementor-element-f1eeaa7 e-con-full e-flex e-con e-child\" data-id=\"f1eeaa7\" data-element_type=\"container\" data-e-type=\"container\" data-settings=\"{&quot;background_background&quot;:&quot;classic&quot;}\">\n\t\t<div class=\"elementor-element elementor-element-043c02f e-con-full e-flex e-con e-child\" data-id=\"043c02f\" data-element_type=\"container\" data-e-type=\"container\">\n\t\t\t\t<div class=\"elementor-element elementor-element-74c9310 elementor-widget__width-initial elementor-widget elementor-widget-image\" data-id=\"74c9310\" data-element_type=\"widget\" data-e-type=\"widget\" data-widget_type=\"image.default\">\n\t\t\t\t\t\t\t\t\t\t\t\t\t\t\t<img decoding=\"async\" width=\"145\" height=\"144\" data-src=\"https:\/\/amillexvn1.com\/wp-content\/uploads\/2025\/09\/Flag.png\" class=\"attachment-full size-full wp-image-918 lazyload\" alt=\"\" data-srcset=\"https:\/\/amillexvn1.com\/wp-content\/uploads\/2025\/09\/Flag.png 145w, https:\/\/amillexvn1.com\/wp-content\/uploads\/2025\/09\/Flag-12x12.png 12w\" data-sizes=\"(max-width: 145px) 100vw, 145px\" src=\"data:image\/svg+xml;base64,PHN2ZyB3aWR0aD0iMSIgaGVpZ2h0PSIxIiB4bWxucz0iaHR0cDovL3d3dy53My5vcmcvMjAwMC9zdmciPjwvc3ZnPg==\" style=\"--smush-placeholder-width: 145px; --smush-placeholder-aspect-ratio: 145\/144;\" \/>\t\t\t\t\t\t\t\t\t\t\t\t\t\t\t<\/div>\n\t\t\t\t<div class=\"elementor-element elementor-element-5a19d85 elementor-widget elementor-widget-heading\" data-id=\"5a19d85\" data-element_type=\"widget\" data-e-type=\"widget\" data-widget_type=\"heading.default\">\n\t\t\t\t\t<h2 class=\"elementor-heading-title elementor-size-default\">Die Australian Securities and Investments Commission (ASIC) ist die australische Bundesbeh\u00f6rde, die f\u00fcr die Durchsetzung von Gesetzen zum Schutz von Verbrauchern, Anlegern und Gl\u00e4ubigern zust\u00e4ndig ist. Dank ihres soliden Finanzaufsichtssystems und ihrer strengen Regeln wird die Kommission von Investoren und Aufsichtsbeh\u00f6rden einstimmig als eines der leistungsf\u00e4higsten Finanzregulierungssysteme weltweit anerkannt.<\/h2>\t\t\t\t<\/div>\n\t\t\t\t<\/div>\n\t\t<div class=\"elementor-element elementor-element-ceeeffc e-con-full e-flex e-con e-child\" data-id=\"ceeeffc\" data-element_type=\"container\" data-e-type=\"container\">\n\t\t\t\t<div class=\"elementor-element elementor-element-2199576 elementor-widget__width-initial elementor-widget elementor-widget-image\" data-id=\"2199576\" data-element_type=\"widget\" data-e-type=\"widget\" data-widget_type=\"image.default\">\n\t\t\t\t\t\t\t\t\t\t\t\t\t\t\t<img decoding=\"async\" width=\"100\" height=\"48\" data-src=\"https:\/\/amillexvn1.com\/wp-content\/uploads\/2025\/09\/Frame-1171277511.png\" class=\"attachment-full size-full wp-image-919 lazyload\" alt=\"\" data-srcset=\"https:\/\/amillexvn1.com\/wp-content\/uploads\/2025\/09\/Frame-1171277511.png 100w, https:\/\/amillexvn1.com\/wp-content\/uploads\/2025\/09\/Frame-1171277511-18x9.png 18w\" data-sizes=\"(max-width: 100px) 100vw, 100px\" src=\"data:image\/svg+xml;base64,PHN2ZyB3aWR0aD0iMSIgaGVpZ2h0PSIxIiB4bWxucz0iaHR0cDovL3d3dy53My5vcmcvMjAwMC9zdmciPjwvc3ZnPg==\" style=\"--smush-placeholder-width: 100px; --smush-placeholder-aspect-ratio: 100\/48;\" \/>\t\t\t\t\t\t\t\t\t\t\t\t\t\t\t<\/div>\n\t\t\t\t<div class=\"elementor-element elementor-element-9f74c8e elementor-widget elementor-widget-heading\" data-id=\"9f74c8e\" data-element_type=\"widget\" data-e-type=\"widget\" data-widget_type=\"heading.default\">\n\t\t\t\t\t<h2 class=\"elementor-heading-title elementor-size-default\">AFSL-Nummer: 559321<\/h2>\t\t\t\t<\/div>\n\t\t\t\t<\/div>\n\t\t<div class=\"elementor-element elementor-element-86d3027 e-flex e-con-boxed e-con e-child\" data-id=\"86d3027\" data-element_type=\"container\" data-e-type=\"container\">\n\t\t\t\t\t<div class=\"e-con-inner\">\n\t\t\t\t<div class=\"elementor-element elementor-element-e367ebf elementor-widget elementor-widget-heading\" data-id=\"e367ebf\" data-element_type=\"widget\" data-e-type=\"widget\" data-widget_type=\"heading.default\">\n\t\t\t\t\t<h2 class=\"elementor-heading-title elementor-size-default\">Amillex Global Pty Ltd bietet seine Dienstleistungen ausschlie\u00dflich an australische Gro\u00dfkunden an. Die auf dieser Website angebotenen Finanzprodukte und -dienstleistungen werden NICHT von der australischen Gesellschaft bereitgestellt und es besteht kein Anspruch auf Regressanspr\u00fcche gegen die australische Gesellschaft.<\/h2>\t\t\t\t<\/div>\n\t\t\t\t\t<\/div>\n\t\t\t\t<\/div>\n\t\t\t\t<\/div>\n\t\t<div class=\"elementor-element elementor-element-1e6190f e-con-full e-flex e-con e-child\" data-id=\"1e6190f\" data-element_type=\"container\" data-e-type=\"container\" data-settings=\"{&quot;background_background&quot;:&quot;classic&quot;}\">\n\t\t<div class=\"elementor-element elementor-element-e48e703 e-con-full e-flex e-con e-child\" data-id=\"e48e703\" data-element_type=\"container\" data-e-type=\"container\">\n\t\t\t\t<div class=\"elementor-element elementor-element-64b04f3 elementor-widget__width-initial elementor-widget elementor-widget-image\" data-id=\"64b04f3\" data-element_type=\"widget\" data-e-type=\"widget\" data-widget_type=\"image.default\">\n\t\t\t\t\t\t\t\t\t\t\t\t\t\t\t<img decoding=\"async\" width=\"145\" height=\"144\" data-src=\"https:\/\/amillexvn1.com\/wp-content\/uploads\/2025\/09\/Flag-2.png\" class=\"attachment-full size-full wp-image-920 lazyload\" alt=\"\" data-srcset=\"https:\/\/amillexvn1.com\/wp-content\/uploads\/2025\/09\/Flag-2.png 145w, https:\/\/amillexvn1.com\/wp-content\/uploads\/2025\/09\/Flag-2-12x12.png 12w\" data-sizes=\"(max-width: 145px) 100vw, 145px\" src=\"data:image\/svg+xml;base64,PHN2ZyB3aWR0aD0iMSIgaGVpZ2h0PSIxIiB4bWxucz0iaHR0cDovL3d3dy53My5vcmcvMjAwMC9zdmciPjwvc3ZnPg==\" style=\"--smush-placeholder-width: 145px; --smush-placeholder-aspect-ratio: 145\/144;\" \/>\t\t\t\t\t\t\t\t\t\t\t\t\t\t\t<\/div>\n\t\t\t\t<div class=\"elementor-element elementor-element-4114d38 elementor-widget elementor-widget-heading\" data-id=\"4114d38\" data-element_type=\"widget\" data-e-type=\"widget\" data-widget_type=\"heading.default\">\n\t\t\t\t\t<h2 class=\"elementor-heading-title elementor-size-default\">Die FSC ist die integrierte Regulierungsbeh\u00f6rde f\u00fcr den Nichtbanken-Finanzdienstleistungssektor und das globale Gesch\u00e4ft. Die FSC entwickelt und f\u00f6rdert die Fairness, Effizienz und Transparenz der Finanzinstitute und Kapitalm\u00e4rkte in Mauritius. Die Aufsicht der FSC gew\u00e4hrleistet die Stabilit\u00e4t und Solidit\u00e4t des Finanzsystems in Mauritius.<\/h2>\t\t\t\t<\/div>\n\t\t\t\t<\/div>\n\t\t<div class=\"elementor-element elementor-element-a06bf50 e-con-full e-flex e-con e-child\" data-id=\"a06bf50\" data-element_type=\"container\" data-e-type=\"container\">\n\t\t\t\t<div class=\"elementor-element elementor-element-8ffff8d elementor-widget__width-initial elementor-widget elementor-widget-image\" data-id=\"8ffff8d\" data-element_type=\"widget\" data-e-type=\"widget\" data-widget_type=\"image.default\">\n\t\t\t\t\t\t\t\t\t\t\t\t\t\t\t<img decoding=\"async\" width=\"81\" height=\"48\" data-src=\"https:\/\/amillexvn1.com\/wp-content\/uploads\/2025\/09\/Frame-1171277511-2.png\" class=\"attachment-full size-full wp-image-921 lazyload\" alt=\"\" data-srcset=\"https:\/\/amillexvn1.com\/wp-content\/uploads\/2025\/09\/Frame-1171277511-2.png 81w, https:\/\/amillexvn1.com\/wp-content\/uploads\/2025\/09\/Frame-1171277511-2-18x12.png 18w\" data-sizes=\"(max-width: 81px) 100vw, 81px\" src=\"data:image\/svg+xml;base64,PHN2ZyB3aWR0aD0iMSIgaGVpZ2h0PSIxIiB4bWxucz0iaHR0cDovL3d3dy53My5vcmcvMjAwMC9zdmciPjwvc3ZnPg==\" style=\"--smush-placeholder-width: 81px; --smush-placeholder-aspect-ratio: 81\/48;\" \/>\t\t\t\t\t\t\t\t\t\t\t\t\t\t\t<\/div>\n\t\t\t\t<div class=\"elementor-element elementor-element-8a5d7f4 elementor-widget elementor-widget-heading\" data-id=\"8a5d7f4\" data-element_type=\"widget\" data-e-type=\"widget\" data-widget_type=\"heading.default\">\n\t\t\t\t\t<h2 class=\"elementor-heading-title elementor-size-default\">Mauritius FSC-Nummer: GB24203163<\/h2>\t\t\t\t<\/div>\n\t\t\t\t<\/div>\n\t\t\t\t<\/div>\n\t\t\t\t<\/div>\n\t\t\t\t\t<\/div>\n\t\t\t\t<\/div>\n\t\t<div class=\"elementor-element elementor-element-16f1a35 e-flex e-con-boxed e-con e-parent\" data-id=\"16f1a35\" data-element_type=\"container\" data-e-type=\"container\">\n\t\t\t\t\t<div class=\"e-con-inner\">\n\t\t<div class=\"elementor-element elementor-element-aadb3d1 e-con-full e-flex elementor-invisible e-con e-child\" data-id=\"aadb3d1\" data-element_type=\"container\" data-e-type=\"container\" data-settings=\"{&quot;animation&quot;:&quot;bounceInRight&quot;}\">\n\t\t\t\t<div class=\"elementor-element elementor-element-3fdf5e6 elementor-widget elementor-widget-image\" data-id=\"3fdf5e6\" data-element_type=\"widget\" data-e-type=\"widget\" data-widget_type=\"image.default\">\n\t\t\t\t\t\t\t\t\t\t\t\t\t\t\t<img decoding=\"async\" width=\"121\" height=\"96\" data-src=\"https:\/\/amillexvn1.com\/wp-content\/uploads\/2025\/09\/image-219.png\" class=\"attachment-full size-full wp-image-922 lazyload\" alt=\"\" data-srcset=\"https:\/\/amillexvn1.com\/wp-content\/uploads\/2025\/09\/image-219.png 121w, https:\/\/amillexvn1.com\/wp-content\/uploads\/2025\/09\/image-219-15x12.png 15w\" data-sizes=\"(max-width: 121px) 100vw, 121px\" src=\"data:image\/svg+xml;base64,PHN2ZyB3aWR0aD0iMSIgaGVpZ2h0PSIxIiB4bWxucz0iaHR0cDovL3d3dy53My5vcmcvMjAwMC9zdmciPjwvc3ZnPg==\" style=\"--smush-placeholder-width: 121px; --smush-placeholder-aspect-ratio: 121\/96;\" \/>\t\t\t\t\t\t\t\t\t\t\t\t\t\t\t<\/div>\n\t\t\t\t<div class=\"elementor-element elementor-element-bafd5a1 elementor-widget elementor-widget-heading\" data-id=\"bafd5a1\" data-element_type=\"widget\" data-e-type=\"widget\" data-widget_type=\"heading.default\">\n\t\t\t\t\t<h2 class=\"elementor-heading-title elementor-size-default\">Australien<\/h2>\t\t\t\t<\/div>\n\t\t\t\t<div class=\"elementor-element elementor-element-98a51a3 elementor-widget elementor-widget-heading\" data-id=\"98a51a3\" data-element_type=\"widget\" data-e-type=\"widget\" data-widget_type=\"heading.default\">\n\t\t\t\t\t<h2 class=\"elementor-heading-title elementor-size-default\">ASIC \u2013 Australische Wertpapier- und Investitionskommission<\/h2>\t\t\t\t<\/div>\n\t\t\t\t<\/div>\n\t\t<div class=\"elementor-element elementor-element-5964ecf e-con-full e-flex elementor-invisible e-con e-child\" data-id=\"5964ecf\" data-element_type=\"container\" data-e-type=\"container\" data-settings=\"{&quot;animation&quot;:&quot;bounceInLeft&quot;}\">\n\t\t\t\t<div class=\"elementor-element elementor-element-feafe47 elementor-widget elementor-widget-image\" data-id=\"feafe47\" data-element_type=\"widget\" data-e-type=\"widget\" data-widget_type=\"image.default\">\n\t\t\t\t\t\t\t\t\t\t\t\t\t\t\t<img decoding=\"async\" width=\"120\" height=\"96\" data-src=\"https:\/\/amillexvn1.com\/wp-content\/uploads\/2025\/09\/image-220.png\" class=\"attachment-full size-full wp-image-923 lazyload\" alt=\"\" data-srcset=\"https:\/\/amillexvn1.com\/wp-content\/uploads\/2025\/09\/image-220.png 120w, https:\/\/amillexvn1.com\/wp-content\/uploads\/2025\/09\/image-220-15x12.png 15w\" data-sizes=\"(max-width: 120px) 100vw, 120px\" src=\"data:image\/svg+xml;base64,PHN2ZyB3aWR0aD0iMSIgaGVpZ2h0PSIxIiB4bWxucz0iaHR0cDovL3d3dy53My5vcmcvMjAwMC9zdmciPjwvc3ZnPg==\" style=\"--smush-placeholder-width: 120px; --smush-placeholder-aspect-ratio: 120\/96;\" \/>\t\t\t\t\t\t\t\t\t\t\t\t\t\t\t<\/div>\n\t\t\t\t<div class=\"elementor-element elementor-element-d4953ce elementor-widget elementor-widget-heading\" data-id=\"d4953ce\" data-element_type=\"widget\" data-e-type=\"widget\" data-widget_type=\"heading.default\">\n\t\t\t\t\t<h2 class=\"elementor-heading-title elementor-size-default\">Mauritius<\/h2>\t\t\t\t<\/div>\n\t\t\t\t<div class=\"elementor-element elementor-element-c0a453d elementor-widget elementor-widget-heading\" data-id=\"c0a453d\" data-element_type=\"widget\" data-e-type=\"widget\" data-widget_type=\"heading.default\">\n\t\t\t\t\t<h2 class=\"elementor-heading-title elementor-size-default\">FSC - Finanzdienstleistungskommission von Mauritius<\/h2>\t\t\t\t<\/div>\n\t\t\t\t<\/div>\n\t\t\t\t\t<\/div>\n\t\t\t\t<\/div>\n\t\t\t\t<\/div>","protected":false},"excerpt":{"rendered":"<p>Regulation Amillex is licensed and regulated by one of the strictest financial regulatory bodies in the world, allowing you to trade knowing your financial security is protected. Start Trading We are fully licensed and regulated by globally recognized authorities, including one of the strictest financial regulatory bodies in the world, providing you with the assurance [&hellip;]<\/p>\n","protected":false},"author":3,"featured_media":0,"parent":0,"menu_order":0,"comment_status":"closed","ping_status":"closed","template":"","meta":{"ocean_post_layout":"","ocean_both_sidebars_style":"","ocean_both_sidebars_content_width":0,"ocean_both_sidebars_sidebars_width":0,"ocean_sidebar":"","ocean_second_sidebar":"","ocean_disable_margins":"enable","ocean_add_body_class":"","ocean_shortcode_before_top_bar":"","ocean_shortcode_after_top_bar":"","ocean_shortcode_before_header":"","ocean_shortcode_after_header":"","ocean_has_shortcode":"","ocean_shortcode_after_title":"","ocean_shortcode_before_footer_widgets":"","ocean_shortcode_after_footer_widgets":"","ocean_shortcode_before_footer_bottom":"","ocean_shortcode_after_footer_bottom":"","ocean_display_top_bar":"default","ocean_display_header":"default","ocean_header_style":"","ocean_center_header_left_menu":"","ocean_custom_header_template":"","ocean_custom_logo":0,"ocean_custom_retina_logo":0,"ocean_custom_logo_max_width":0,"ocean_custom_logo_tablet_max_width":0,"ocean_custom_logo_mobile_max_width":0,"ocean_custom_logo_max_height":0,"ocean_custom_logo_tablet_max_height":0,"ocean_custom_logo_mobile_max_height":0,"ocean_header_custom_menu":"","ocean_menu_typo_font_family":"","ocean_menu_typo_font_subset":"","ocean_menu_typo_font_size":0,"ocean_menu_typo_font_size_tablet":0,"ocean_menu_typo_font_size_mobile":0,"ocean_menu_typo_font_size_unit":"px","ocean_menu_typo_font_weight":"","ocean_menu_typo_font_weight_tablet":"","ocean_menu_typo_font_weight_mobile":"","ocean_menu_typo_transform":"","ocean_menu_typo_transform_tablet":"","ocean_menu_typo_transform_mobile":"","ocean_menu_typo_line_height":0,"ocean_menu_typo_line_height_tablet":0,"ocean_menu_typo_line_height_mobile":0,"ocean_menu_typo_line_height_unit":"","ocean_menu_typo_spacing":0,"ocean_menu_typo_spacing_tablet":0,"ocean_menu_typo_spacing_mobile":0,"ocean_menu_typo_spacing_unit":"","ocean_menu_link_color":"","ocean_menu_link_color_hover":"","ocean_menu_link_color_active":"","ocean_menu_link_background":"","ocean_menu_link_hover_background":"","ocean_menu_link_active_background":"","ocean_menu_social_links_bg":"","ocean_menu_social_hover_links_bg":"","ocean_menu_social_links_color":"","ocean_menu_social_hover_links_color":"","ocean_disable_title":"default","ocean_disable_heading":"default","ocean_post_title":"","ocean_post_subheading":"","ocean_post_title_style":"","ocean_post_title_background_color":"","ocean_post_title_background":0,"ocean_post_title_bg_image_position":"","ocean_post_title_bg_image_attachment":"","ocean_post_title_bg_image_repeat":"","ocean_post_title_bg_image_size":"","ocean_post_title_height":0,"ocean_post_title_bg_overlay":0.5,"ocean_post_title_bg_overlay_color":"","ocean_disable_breadcrumbs":"default","ocean_breadcrumbs_color":"","ocean_breadcrumbs_separator_color":"","ocean_breadcrumbs_links_color":"","ocean_breadcrumbs_links_hover_color":"","ocean_display_footer_widgets":"default","ocean_display_footer_bottom":"default","ocean_custom_footer_template":"","footnotes":""},"class_list":["post-915","page","type-page","status-publish","hentry","entry"],"_links":{"self":[{"href":"https:\/\/amillexvn1.com\/de\/wp-json\/wp\/v2\/pages\/915","targetHints":{"allow":["GET"]}}],"collection":[{"href":"https:\/\/amillexvn1.com\/de\/wp-json\/wp\/v2\/pages"}],"about":[{"href":"https:\/\/amillexvn1.com\/de\/wp-json\/wp\/v2\/types\/page"}],"author":[{"embeddable":true,"href":"https:\/\/amillexvn1.com\/de\/wp-json\/wp\/v2\/users\/3"}],"replies":[{"embeddable":true,"href":"https:\/\/amillexvn1.com\/de\/wp-json\/wp\/v2\/comments?post=915"}],"version-history":[{"count":7,"href":"https:\/\/amillexvn1.com\/de\/wp-json\/wp\/v2\/pages\/915\/revisions"}],"predecessor-version":[{"id":1088,"href":"https:\/\/amillexvn1.com\/de\/wp-json\/wp\/v2\/pages\/915\/revisions\/1088"}],"wp:attachment":[{"href":"https:\/\/amillexvn1.com\/de\/wp-json\/wp\/v2\/media?parent=915"}],"curies":[{"name":"wp","href":"https:\/\/api.w.org\/{rel}","templated":true}]}}